{"id":3,"date":"2022-11-28T21:41:22","date_gmt":"2022-11-28T21:41:22","guid":{"rendered":"https:\/\/dragonpacific.com.mx\/?page_id=3"},"modified":"2023-01-02T21:10:54","modified_gmt":"2023-01-02T21:10:54","slug":"politica-privacidad","status":"publish","type":"page","link":"https:\/\/dragonpacific.com.mx\/en\/politica-privacidad\/","title":{"rendered":"Pol\u00edtica de privacidad"},"content":{"rendered":"<div data-elementor-type=\"wp-page\" data-elementor-id=\"3\" class=\"elementor elementor-3\" data-elementor-post-type=\"page\">\n\t\t\t\t<div class=\"elementor-element elementor-element-18e7710 e-flex e-con-boxed e-con e-parent\" data-id=\"18e7710\" data-element_type=\"container\">\n\t\t\t\t\t<div class=\"e-con-inner\">\n\t\t<div class=\"elementor-element elementor-element-a8e478b e-con-full e-flex e-con e-parent\" data-id=\"a8e478b\" data-element_type=\"container\">\n\t\t\t\t<div class=\"elementor-element elementor-element-136ad09 elementor-widget elementor-widget-heading\" data-id=\"136ad09\" data-element_type=\"widget\" data-widget_type=\"heading.default\">\n\t\t\t\t<div class=\"elementor-widget-container\">\n\t\t\t<h2 class=\"elementor-heading-title elementor-size-default\">Aviso de privacidad<\/h2>\t\t<\/div>\n\t\t\t\t<\/div>\n\t\t\t\t<div class=\"elementor-element elementor-element-20de8d4 elementor-widget elementor-widget-text-editor\" data-id=\"20de8d4\" data-element_type=\"widget\" data-widget_type=\"text-editor.default\">\n\t\t\t\t<div class=\"elementor-widget-container\">\n\t\t\t\t\t\t\t<p><strong>COMERCIALIZADORA DRAGON PACIFIC INTERNATIONAL SA DE CV<\/strong>, mejor conocido como DRAGON PACIFIC INTERNATIONAL, con domicilio en calle AV CUBA N EXT. 56 INT. A, colonia LAS AMERICAS, ciudad MORELIA, municipio o delegaci\u00f3n MORELIA, c.p. 58270, en la entidad de MICHOACI\u00d3N DE OCAMPO, pa\u00eds M\u00c9XICO, y portal de internet contacto@dragonpacific.com.mx, es el responsable del uso y protecci\u00f3n de sus datos personales, y al respecto le informamos lo siguiente:<\/p>\t\t\t\t\t\t<\/div>\n\t\t\t\t<\/div>\n\t\t\t\t<div class=\"elementor-element elementor-element-0d26e74 elementor-widget elementor-widget-text-editor\" data-id=\"0d26e74\" data-element_type=\"widget\" data-widget_type=\"text-editor.default\">\n\t\t\t\t<div class=\"elementor-widget-container\">\n\t\t\t\t\t\t\t<h2><strong>Para qu\u00e9 utilizaremos sus datos personales?<\/strong><\/h2>\t\t\t\t\t\t<\/div>\n\t\t\t\t<\/div>\n\t\t\t\t<div class=\"elementor-element elementor-element-3d38447 elementor-widget elementor-widget-text-editor\" data-id=\"3d38447\" data-element_type=\"widget\" data-widget_type=\"text-editor.default\">\n\t\t\t\t<div class=\"elementor-widget-container\">\n\t\t\t\t\t\t\t<p>Los datos personales que recabamos de usted, los utilizaremos para las siguientes finalidades que son necesarias para el servicio que solicita:<\/p>\n<h2><strong><!-- \/wp:paragraph --><!-- wp:list --><\/strong><\/h2>\n<ul><!-- wp:list-item -->\n<li>Env\u00edo de reportes de inspecci\u00f3n verificaciones de las f\u00edsicas<\/li>\n<!-- \/wp:list-item --><\/ul>\n<h2><strong><!-- \/wp:list --><!-- wp:paragraph --><\/strong><\/h2>\n<p>De manera adicional, utilizaremos su informaci\u00f3n personal para las siguientes finalidades secundarias que <strong>no son necesarias<\/strong> para el servicio solicitado, pero que nos permiten y facilitan brindarle una mejor atenci\u00f3n:<\/p>\n<h2><strong><!-- \/wp:paragraph --><!-- wp:list --><\/strong><\/h2>\n<ul><!-- wp:list-item -->\n<li>Env\u00edo de Boletines y Avisos Informativos<\/li>\n<!-- \/wp:list-item --><!-- wp:list-item -->\n<li>Env\u00edo de promociones y descuentos en servicios ofrecidos por el titular<\/li>\n<!-- \/wp:list-item --><!-- wp:list-item -->\n<li>Generaci\u00f3n de cotizaciones<\/li>\n<!-- \/wp:list-item --><!-- wp:list-item -->\n<li>Mercadotecnia o publicitaria<\/li>\n<!-- \/wp:list-item --><!-- wp:list-item -->\n<li>Prospecci\u00f3n comercial<\/li>\n<!-- \/wp:list-item --><\/ul>\n<h2><strong><!-- \/wp:list --><!-- wp:paragraph --><\/strong><\/h2>\n<p>En caso de que no desee que sus datos personales se utilicen para estos fines secundarios, ind\u00edquenos a continuaci\u00f3n:<\/p>\n<h2><strong><!-- \/wp:paragraph --><!-- wp:paragraph --><\/strong><\/h2>\n<p>No consiento que mis datos personales se utilicen para los siguientes fines:<\/p>\n<h2><strong><!-- \/wp:paragraph --><!-- wp:paragraph --><\/strong><\/h2>\n<p>\u00a0\u00a0\u00a0\u00a0\u00a0 [\u00a0\u00a0] Env\u00edo de Boletines y Avisos Informativos<br \/>\u00a0\u00a0\u00a0\u00a0\u00a0 [\u00a0\u00a0] Env\u00edo promociones y descuentos en servicios ofrecidos por el titular<br \/>\u00a0\u00a0\u00a0\u00a0\u00a0 [\u00a0\u00a0] Generaci\u00f3n de cotizaciones<br \/>\u00a0\u00a0\u00a0\u00a0\u00a0 [\u00a0\u00a0] Mercadotecnia o publicitaria<br \/>\u00a0\u00a0\u00a0\u00a0\u00a0 [\u00a0\u00a0] Prospecci\u00f3n comercial<\/p>\n<h2><strong><!-- \/wp:paragraph --><!-- wp:paragraph --><\/strong><\/h2>\n<p>La negativa para el uso de sus datos personales para estas finalidades no podr\u00e9r un motivo para que le neguemos los servicios y productos que solicita o contrata con nosotros.<\/p>\t\t\t\t\t\t<\/div>\n\t\t\t\t<\/div>\n\t\t\t\t<div class=\"elementor-element elementor-element-cfab69d elementor-widget elementor-widget-text-editor\" data-id=\"cfab69d\" data-element_type=\"widget\" data-widget_type=\"text-editor.default\">\n\t\t\t\t<div class=\"elementor-widget-container\">\n\t\t\t\t\t\t\t<h2><strong>Qu\u00e9 datos personales utilizaremos para estos fines?<\/strong><\/h2>\t\t\t\t\t\t<\/div>\n\t\t\t\t<\/div>\n\t\t\t\t<div class=\"elementor-element elementor-element-7e1fae9 elementor-widget elementor-widget-text-editor\" data-id=\"7e1fae9\" data-element_type=\"widget\" data-widget_type=\"text-editor.default\">\n\t\t\t\t<div class=\"elementor-widget-container\">\n\t\t\t\t\t\t\t<p>Para llevar a cabo las finalidades descritas en el presente aviso de privacidad, utilizaremos los siguientes datos personales:<\/p>\n<!-- \/wp:paragraph --><!-- wp:list -->\n<ul><!-- wp:list-item -->\n<li>Nombre<\/li>\n<!-- \/wp:list-item --><!-- wp:list-item -->\n<li>Registro Federal de Contribuyentes(RFC)<\/li>\n<!-- \/wp:list-item --><!-- wp:list-item -->\n<li>Domicilio<\/li>\n<!-- \/wp:list-item --><!-- wp:list-item -->\n<li>Tel\u00e9fono particular<\/li>\n<!-- \/wp:list-item --><!-- wp:list-item -->\n<li>Tel\u00e9fono celular<\/li>\n<!-- \/wp:list-item --><!-- wp:list-item -->\n<li>Correo electr\u00f3nico<\/li>\n<!-- \/wp:list-item --><!-- wp:list-item -->\n<li>Puesto o cargo que desempe\u00f1a<\/li>\n<!-- \/wp:list-item --><!-- wp:list-item -->\n<li>Domicilio de trabajo<\/li>\n<!-- \/wp:list-item --><!-- wp:list-item -->\n<li>Correo electr\u00f3nico institucional<\/li>\n<!-- \/wp:list-item --><!-- wp:list-item -->\n<li>Tel\u00e9fono institucional<\/li>\n<!-- \/wp:list-item --><!-- wp:list-item -->\n<li>Datos de identificaci\u00f3n<\/li>\n<!-- \/wp:list-item --><!-- wp:list-item -->\n<li>Datos de contacto<\/li>\n<!-- \/wp:list-item --><!-- wp:list-item -->\n<li>Datos laborales<\/li>\n<\/ul>\t\t\t\t\t\t<\/div>\n\t\t\t\t<\/div>\n\t\t\t\t<div class=\"elementor-element elementor-element-3a35be7 elementor-widget elementor-widget-text-editor\" data-id=\"3a35be7\" data-element_type=\"widget\" data-widget_type=\"text-editor.default\">\n\t\t\t\t<div class=\"elementor-widget-container\">\n\t\t\t\t\t\t\t<h2><strong>C\u00f3mo puede acceder, rectificar o cancelar sus datos personales, u oponerse a su uso?<\/strong><\/h2>\t\t\t\t\t\t<\/div>\n\t\t\t\t<\/div>\n\t\t\t\t<div class=\"elementor-element elementor-element-aa5f662 elementor-widget elementor-widget-text-editor\" data-id=\"aa5f662\" data-element_type=\"widget\" data-widget_type=\"text-editor.default\">\n\t\t\t\t<div class=\"elementor-widget-container\">\n\t\t\t\t\t\t\t<p>Usted tiene derecho a conocer qu\u00e9 datos personales tenemos de usted, para qu\u00e9 os utilizamos y las condiciones del uso que les damos (Acceso). Asimismo, es su derecho solicitar la correcci\u00f3n de su informaci\u00f3n personal en caso de que est\u00e9 desactualizada, sea inexacta o incompleta (Rectificaci\u00f3n) que la eliminemos de nuestros registros o bases de datos cuando considere que la misma no est\u00e1 siendo utilizada adecuadamente (Cancelaci\u00f3n) como oponerse al uso de sus datos personales para fines espec\u00edficos (Oposici\u00f3n) a estos derechos se conocen como derechos ARCO).<\/p>\n<!-- \/wp:paragraph --><!-- wp:paragraph -->\n<p>Para el ejercicio de cualquiera de los derechos ARCO, usted deber\u00e1 presentar la solicitud respectiva a trav\u00e9s del siguiente medio:<\/p>\n<!-- \/wp:paragraph --><!-- wp:paragraph -->\n<p>Enviar solicitud v\u00eda correo electr\u00f3nico a contacto@dragonpacific.com.mx<\/p>\n<!-- \/wp:paragraph --><!-- wp:paragraph -->\n<p>Con relaci\u00f3n al procedimiento y requisitos para el ejercicio de sus derechos ARCO, le informamos lo siguiente:<\/p>\n<!-- \/wp:paragraph --><!-- wp:paragraph -->\t\t\t\t\t\t<\/div>\n\t\t\t\t<\/div>\n\t\t\t\t<div class=\"elementor-element elementor-element-409a79a elementor-widget elementor-widget-text-editor\" data-id=\"409a79a\" data-element_type=\"widget\" data-widget_type=\"text-editor.default\">\n\t\t\t\t<div class=\"elementor-widget-container\">\n\t\t\t\t\t\t\t<!-- \/wp:paragraph --><!-- wp:paragraph -->\n<p><strong>a) A trav\u00e9s de qu\u00e9 medios pueden acreditar su identidad el titular y, en su caso, su representante, as\u00ed como la personalidad este mismo?<\/strong><\/p>\n<!-- \/wp:paragraph --><!-- wp:paragraph -->\n<p>V\u00eda Correo Electr\u00f3nico enviado a contacto@dragonpacific.com.mx con alguna identificaci\u00f3n oficial<\/p>\n<!-- \/wp:paragraph --><!-- wp:paragraph -->\n<p><strong>b) Qu\u00e9 informaci\u00f3n y\/o documentaci\u00f3n deber\u00e1 contener la solicitud?<\/strong><\/p>\n<!-- \/wp:paragraph --><!-- wp:paragraph -->\n<p>Datos generales de contacto, Identificaci\u00f3n oficial<\/p>\n<!-- \/wp:paragraph --><!-- wp:paragraph -->\n<p><strong>c) En cuantos d\u00edas le daremos respuesta a su solicitud?<\/strong><\/p>\n<!-- \/wp:paragraph --><!-- wp:paragraph -->\n<p>2-5 d\u00edas h\u00e1biles<\/p>\n<!-- \/wp:paragraph --><!-- wp:paragraph -->\n<p><strong>d) Por qu\u00e9 medio le comunicaremos la respuesta a su solicitud?<\/strong><\/p>\n<!-- \/wp:paragraph --><!-- wp:paragraph -->\n<p>Correo electr\u00f3nico<\/p>\n<!-- \/wp:paragraph --><!-- wp:paragraph -->\n<p><strong>e)<\/strong> <strong>En qu\u00e9 medios se pueden reproducir los datos personales que, en su caso, solicite?<\/strong><\/p>\n<!-- \/wp:paragraph --><!-- wp:paragraph -->\n<p>Cotizaciones y otros documentos similares<\/p>\n<!-- \/wp:paragraph --><!-- wp:paragraph --><!-- \/wp:paragraph --><!-- wp:paragraph -->\t\t\t\t\t\t<\/div>\n\t\t\t\t<\/div>\n\t\t\t\t<div class=\"elementor-element elementor-element-1d6884a elementor-widget elementor-widget-text-editor\" data-id=\"1d6884a\" data-element_type=\"widget\" data-widget_type=\"text-editor.default\">\n\t\t\t\t<div class=\"elementor-widget-container\">\n\t\t\t\t\t\t\t<!-- \/wp:paragraph --><!-- wp:paragraph --><!-- \/wp:paragraph --><!-- wp:paragraph --><!-- \/wp:paragraph --><!-- wp:paragraph -->\n<p>Los datos de contacto de la persona o departamento de datos personales, que est\u00e1n a cargo de procesar las solicitudes de derechos ARCO, son los siguientes:<\/p>\n<!-- \/wp:paragraph --><!-- wp:paragraph -->\t\t\t\t\t\t<\/div>\n\t\t\t\t<\/div>\n\t\t\t\t<div class=\"elementor-element elementor-element-975e12c elementor-widget elementor-widget-text-editor\" data-id=\"975e12c\" data-element_type=\"widget\" data-widget_type=\"text-editor.default\">\n\t\t\t\t<div class=\"elementor-widget-container\">\n\t\t\t\t\t\t\t<!-- \/wp:paragraph --><!-- wp:paragraph --><!-- \/wp:paragraph --><!-- wp:paragraph --><!-- \/wp:paragraph --><!-- wp:paragraph --><!-- \/wp:paragraph --><!-- wp:paragraph -->\n<p><strong>a)<\/strong> Nombre de la persona o departamento de datos personales: Atenci\u00f3n Clientes<\/p>\n<p><strong>b)<\/strong> Domicilio: calle Av. Cuba N Ext 56 Int A, colonia Las Am\u00e9ricas, ciudad Morelia, municipio o delegaci\u00f3n Morelia, c.p. 58270, en la entidad de Michoac\u00e1n de Ocampo, pa\u00eds M\u00e9xico.<\/p>\n<p><strong>c)<\/strong> Correo electr\u00f3nico: contacto@dragonpacific.com.mx<\/p>\n<p><strong>d)<\/strong> N\u00famero telef\u00f3nico: 5214431214064<\/p>\t\t\t\t\t\t<\/div>\n\t\t\t\t<\/div>\n\t\t\t\t<div class=\"elementor-element elementor-element-70f8bd1 elementor-widget elementor-widget-text-editor\" data-id=\"70f8bd1\" data-element_type=\"widget\" data-widget_type=\"text-editor.default\">\n\t\t\t\t<div class=\"elementor-widget-container\">\n\t\t\t\t\t\t\t<h2><strong>Usted puede revocar su consentimiento para el uso de sus datos personales<\/strong><\/h2>\t\t\t\t\t\t<\/div>\n\t\t\t\t<\/div>\n\t\t\t\t<div class=\"elementor-element elementor-element-149008a elementor-widget elementor-widget-text-editor\" data-id=\"149008a\" data-element_type=\"widget\" data-widget_type=\"text-editor.default\">\n\t\t\t\t<div class=\"elementor-widget-container\">\n\t\t\t\t\t\t\t<p>Usted puede revocar el consentimiento que, en su caso, nos haya otorgado para el tratamiento de sus datos personales. Sin embargo, es importante que tenga en cuenta que no en todos los casos podremos atender su solicitud o concluir el uso de forma inmediata, ya que es posible que por alguna obligaci\u00f3n legal requiramos seguir tratando sus datos personales. Asimismo, usted deber\u00e1 considerar que para ciertos fines, la revocaci\u00f3n de su consentimiento implicar\u00e1 que no le podamos seguir prestando el servicio que nos solicit\u00f3, la conclusi\u00f3n de su relaci\u00f3n nosotros.<\/p>\n<!-- \/wp:paragraph --><!-- wp:paragraph -->\n<p>Para revocar su consentimiento deber\u00e1 presentar su solicitud a trav\u00e9s del siguiente medio:<\/p>\n<!-- \/wp:paragraph --><!-- wp:paragraph -->\n<p>Solicitud v\u00eda correo electr\u00f3nico enviada a contacto@dragonpacific.com.mx<\/p>\n<!-- \/wp:paragraph --><!-- wp:paragraph -->\n<p>Para conocer el procedimiento y requisitos para la revocaci\u00f3n el consentimiento, ponemos a su disposici\u00f3n el siguiente medio:<\/p>\n<!-- \/wp:paragraph --><!-- wp:paragraph -->\n<p>Para revocar su consentimiento, puede enviarnos un correo electr\u00f3nico a contacto@dragonpacific.com.mx donde le responderemos en un m\u00ednimo de 7 d\u00edas h\u00e1biles<\/p>\t\t\t\t\t\t<\/div>\n\t\t\t\t<\/div>\n\t\t\t\t<div class=\"elementor-element elementor-element-e20faea elementor-widget elementor-widget-text-editor\" data-id=\"e20faea\" data-element_type=\"widget\" data-widget_type=\"text-editor.default\">\n\t\t\t\t<div class=\"elementor-widget-container\">\n\t\t\t\t\t\t\t<h2><strong>C\u00f3mo puede limitar el uso o divulgaci\u00f3n de su informaci\u00f3n personal?<\/strong><\/h2>\t\t\t\t\t\t<\/div>\n\t\t\t\t<\/div>\n\t\t\t\t<div class=\"elementor-element elementor-element-ef09ab9 elementor-widget elementor-widget-text-editor\" data-id=\"ef09ab9\" data-element_type=\"widget\" data-widget_type=\"text-editor.default\">\n\t\t\t\t<div class=\"elementor-widget-container\">\n\t\t\t\t\t\t\t<p>Con objeto de que usted pueda limitar el uso y divulgaci\u00f3n de su informaci\u00f3n personal, le ofrecemos los siguientes medios:<br \/><br \/>Para solicitar limitar el uso o divulgaci\u00f3n de sus datos personales, favor de enviar su solicitud v\u00eda correo electr\u00f3nico a contacto@dragonpacific.com.mx donde recibir\u00e1 respuesta en m\u00ednimo 7 d\u00edas h\u00e1biles<\/p>\t\t\t\t\t\t<\/div>\n\t\t\t\t<\/div>\n\t\t\t\t<div class=\"elementor-element elementor-element-3c4bec4 elementor-widget elementor-widget-text-editor\" data-id=\"3c4bec4\" data-element_type=\"widget\" data-widget_type=\"text-editor.default\">\n\t\t\t\t<div class=\"elementor-widget-container\">\n\t\t\t\t\t\t\t<h2><strong>C\u00f3mo puede conocer los cambios en este aviso de privacidad?<\/strong><\/h2>\t\t\t\t\t\t<\/div>\n\t\t\t\t<\/div>\n\t\t\t\t<div class=\"elementor-element elementor-element-1a1fcb3 elementor-widget elementor-widget-text-editor\" data-id=\"1a1fcb3\" data-element_type=\"widget\" data-widget_type=\"text-editor.default\">\n\t\t\t\t<div class=\"elementor-widget-container\">\n\t\t\t\t\t\t\t<p>El presente aviso de privacidad puede sufrir modificaciones, cambios o actualizaciones derivadas de nuevos requerimientos legales; de nuestras propias necesidades por los productos o servicios que ofrecemos; de nuestras pol\u00edticas de privacidad; de cambios en nuestro modelo de negocio, o por otras causas.<br \/><br \/>Nos comprometemos a mantenerlo informado sobre los cambios que pueda sufrir el presente aviso de privacidad, a trav\u00e9s de: En caso de que el aviso de privacidad sufra cambios, ser\u00e1 notificado v\u00eda correo electr\u00f3nico y tambi\u00e9n se har\u00e1 notificaci\u00f3n en nuestro sitio web oficial.<\/p>\n<p><!-- \/wp:paragraph --><!-- wp:paragraph --><\/p>\n<p>El procedimiento a trav\u00e9s del cual se llevar\u00eda cabo las notificaciones sobre cambios o actualizaciones al presente aviso de privacidad es el siguiente:<\/p>\n<p><!-- \/wp:paragraph --><!-- wp:paragraph --><\/p>\n<p>En caso de que el aviso de privacidad sufra cambios, ser\u00e1 notificado v\u00eda correo electr\u00f3nico y tambi\u00e9n se har\u00e1 notificaci\u00f3n en nuestro sitio web oficial.<\/p>\t\t\t\t\t\t<\/div>\n\t\t\t\t<\/div>\n\t\t\t\t<\/div>\n\t\t\t\t\t<\/div>\n\t\t\t\t<\/div>\n\t\t\t\t<\/div>","protected":false},"excerpt":{"rendered":"<p>Aviso de privacidad COMERCIALIZADORA DRAGON PACIFIC INTERNATIONAL SA DE CV, mejor conocido como DRAGON PACIFIC INTERNATIONAL, con domicilio en calle AV CUBA N EXT. 56 INT. A, colonia LAS AMERICAS, ciudad MORELIA, municipio o delegaci\u00f3n MORELIA, c.p. 58270, en la entidad de MICHOACI\u00d3N DE OCAMPO, pa\u00eds M\u00c9XICO, y portal de internet contacto@dragonpacific.com.mx, es el responsable [&hellip;]<\/p>","protected":false},"author":1,"featured_media":0,"parent":0,"menu_order":0,"comment_status":"closed","ping_status":"closed","template":"elementor_header_footer","meta":{"footnotes":""},"class_list":["post-3","page","type-page","status-publish","hentry"],"_links":{"self":[{"href":"https:\/\/dragonpacific.com.mx\/en\/wp-json\/wp\/v2\/pages\/3","targetHints":{"allow":["GET"]}}],"collection":[{"href":"https:\/\/dragonpacific.com.mx\/en\/wp-json\/wp\/v2\/pages"}],"about":[{"href":"https:\/\/dragonpacific.com.mx\/en\/wp-json\/wp\/v2\/types\/page"}],"author":[{"embeddable":true,"href":"https:\/\/dragonpacific.com.mx\/en\/wp-json\/wp\/v2\/users\/1"}],"replies":[{"embeddable":true,"href":"https:\/\/dragonpacific.com.mx\/en\/wp-json\/wp\/v2\/comments?post=3"}],"version-history":[{"count":8,"href":"https:\/\/dragonpacific.com.mx\/en\/wp-json\/wp\/v2\/pages\/3\/revisions"}],"predecessor-version":[{"id":861,"href":"https:\/\/dragonpacific.com.mx\/en\/wp-json\/wp\/v2\/pages\/3\/revisions\/861"}],"wp:attachment":[{"href":"https:\/\/dragonpacific.com.mx\/en\/wp-json\/wp\/v2\/media?parent=3"}],"curies":[{"name":"wp","href":"https:\/\/api.w.org\/{rel}","templated":true}]}}