{"id":763,"date":"2022-12-15T05:07:10","date_gmt":"2022-12-15T05:07:10","guid":{"rendered":"https:\/\/dragonpacific.com.mx\/?page_id=763"},"modified":"2023-09-01T02:10:23","modified_gmt":"2023-09-01T02:10:23","slug":"mision-comercial","status":"publish","type":"page","link":"https:\/\/dragonpacific.com.mx\/en\/mision-comercial\/","title":{"rendered":"Misi\u00f3n comercial"},"content":{"rendered":"<div data-elementor-type=\"wp-page\" data-elementor-id=\"763\" class=\"elementor elementor-763\" data-elementor-post-type=\"page\">\n\t\t\t\t<div class=\"elementor-element elementor-element-75a7db1 e-flex e-con-boxed e-con e-parent\" data-id=\"75a7db1\" data-element_type=\"container\" data-settings=\"{&quot;background_background&quot;:&quot;classic&quot;}\">\n\t\t\t\t\t<div class=\"e-con-inner\">\n\t\t\t\t<div class=\"elementor-element elementor-element-b309155 elementor-invisible elementor-widget elementor-widget-heading\" data-id=\"b309155\" data-element_type=\"widget\" data-settings=\"{&quot;_animation&quot;:&quot;slideInUp&quot;,&quot;motion_fx_motion_fx_scrolling&quot;:&quot;yes&quot;,&quot;motion_fx_translateY_effect&quot;:&quot;yes&quot;,&quot;motion_fx_translateY_direction&quot;:&quot;negative&quot;,&quot;motion_fx_translateY_speed&quot;:{&quot;unit&quot;:&quot;px&quot;,&quot;size&quot;:1.8000000000000000444089209850062616169452667236328125,&quot;sizes&quot;:[]},&quot;motion_fx_translateY_affectedRange&quot;:{&quot;unit&quot;:&quot;%&quot;,&quot;size&quot;:&quot;&quot;,&quot;sizes&quot;:{&quot;start&quot;:0,&quot;end&quot;:100}},&quot;motion_fx_devices&quot;:[&quot;desktop&quot;,&quot;laptop&quot;,&quot;tablet&quot;,&quot;mobile&quot;]}\" data-widget_type=\"heading.default\">\n\t\t\t\t<div class=\"elementor-widget-container\">\n\t\t\t<h2 class=\"elementor-heading-title elementor-size-default\">BUSINESS TRIPS &amp; AGENDAS<\/h2>\t\t<\/div>\n\t\t\t\t<\/div>\n\t\t\t\t\t<\/div>\n\t\t\t\t<\/div>\n\t\t<div class=\"elementor-element elementor-element-ae4bd87 e-flex e-con-boxed e-con e-parent\" data-id=\"ae4bd87\" data-element_type=\"container\" data-settings=\"{&quot;background_background&quot;:&quot;gradient&quot;}\">\n\t\t\t\t\t<div class=\"e-con-inner\">\n\t\t<div class=\"elementor-element elementor-element-2f7fb48 e-con-full e-flex e-con e-parent\" data-id=\"2f7fb48\" data-element_type=\"container\">\n\t\t<div class=\"elementor-element elementor-element-c03c2b6 e-con-full e-flex e-con e-parent\" data-id=\"c03c2b6\" data-element_type=\"container\">\n\t\t\t\t<div class=\"elementor-element elementor-element-d777459 elementor-widget elementor-widget-text-editor\" data-id=\"d777459\" data-element_type=\"widget\" data-no-translation=\"\" data-widget_type=\"text-editor.default\">\n\t\t\t\t<div class=\"elementor-widget-container\">\n\t\t\t<style>.elementor-element-d777459{display:none !important}<\/style>\t\t<\/div>\n\t\t\t\t<\/div>\n\t\t\t\t<div class=\"elementor-element elementor-element-51bd5a9 elementor-widget elementor-widget-text-editor\" data-id=\"51bd5a9\" data-element_type=\"widget\" data-no-translation=\"\" data-widget_type=\"text-editor.default\">\n\t\t\t\t<div class=\"elementor-widget-container\">\n\t\t\t\t\t\t\t<p><strong>Are you traveling to China?<\/strong><\/p><p>Whether it is for pleasure or business, you should know that traveling to China has its complications. First restriction is the VISA for entering the country, then there is also the language and cultural barriers, plus the fact that in China foreigners are not advised to stay in regular hotels but in special hotels meant for international travelers.<\/p><p>So if you are coming to China, we can help you to ease the process. Our service integrates:<\/p><ul><li>Design of business agenda to schedule appointments with suppliers \/ customers;\u00a0attendance at fairs and events;\u00a0or similar.<\/li><li>Help with getting VISA.<\/li><li>Pick-up at airports by our staff<\/li><li>Trustworthy Interpreter with business experience, that will translate for you and accompany during your entire day to help you with communications.<\/li><li>Consulting on trading with China and sharing our knowledge and experience to help you get good deals<\/li><li>Quotes &amp; bookings for flights, hotels, tours, tourist sites, etc.<\/li><\/ul>\t\t\t\t\t\t<\/div>\n\t\t\t\t<\/div>\n\t\t\t\t<\/div>\n\t\t\t\t<\/div>\n\t\t<div class=\"elementor-element elementor-element-b8b00e1 e-con-full e-flex e-con e-parent\" data-id=\"b8b00e1\" data-element_type=\"container\">\n\t\t<div class=\"elementor-element elementor-element-4f370b4 e-flex e-con-boxed e-con e-parent\" data-id=\"4f370b4\" data-element_type=\"container\">\n\t\t\t\t\t<div class=\"e-con-inner\">\n\t\t\t\t<div class=\"elementor-element elementor-element-34d6023 elementor-widget elementor-widget-image\" data-id=\"34d6023\" data-element_type=\"widget\" data-settings=\"{&quot;motion_fx_motion_fx_scrolling&quot;:&quot;yes&quot;,&quot;motion_fx_translateY_effect&quot;:&quot;yes&quot;,&quot;motion_fx_translateY_speed&quot;:{&quot;unit&quot;:&quot;px&quot;,&quot;size&quot;:1.5,&quot;sizes&quot;:[]},&quot;motion_fx_translateY_affectedRange&quot;:{&quot;unit&quot;:&quot;%&quot;,&quot;size&quot;:&quot;&quot;,&quot;sizes&quot;:{&quot;start&quot;:0,&quot;end&quot;:100}},&quot;motion_fx_devices&quot;:[&quot;desktop&quot;,&quot;laptop&quot;,&quot;tablet&quot;,&quot;mobile&quot;]}\" data-widget_type=\"image.default\">\n\t\t\t\t<div class=\"elementor-widget-container\">\n\t\t\t\t\t\t\t\t\t\t\t\t\t<img fetchpriority=\"high\" decoding=\"async\" width=\"800\" height=\"421\" src=\"https:\/\/dragonpacific.com.mx\/wp-content\/uploads\/2023\/01\/Mision.svg\" class=\"attachment-large size-large wp-image-939\" alt=\"\" \/>\t\t\t\t\t\t\t\t\t\t\t\t\t<\/div>\n\t\t\t\t<\/div>\n\t\t\t\t<div class=\"elementor-element elementor-element-c09f09c elementor-widget elementor-widget-image\" data-id=\"c09f09c\" data-element_type=\"widget\" data-settings=\"{&quot;motion_fx_motion_fx_scrolling&quot;:&quot;yes&quot;,&quot;motion_fx_translateY_effect&quot;:&quot;yes&quot;,&quot;motion_fx_translateY_speed&quot;:{&quot;unit&quot;:&quot;px&quot;,&quot;size&quot;:2,&quot;sizes&quot;:[]},&quot;motion_fx_translateY_affectedRange&quot;:{&quot;unit&quot;:&quot;%&quot;,&quot;size&quot;:&quot;&quot;,&quot;sizes&quot;:{&quot;start&quot;:0,&quot;end&quot;:100}},&quot;motion_fx_devices&quot;:[&quot;desktop&quot;,&quot;laptop&quot;,&quot;tablet&quot;,&quot;mobile&quot;]}\" data-widget_type=\"image.default\">\n\t\t\t\t<div class=\"elementor-widget-container\">\n\t\t\t\t\t\t\t\t\t\t\t\t\t<img decoding=\"async\" width=\"800\" height=\"432\" src=\"https:\/\/dragonpacific.com.mx\/wp-content\/uploads\/2023\/01\/Mision2.svg\" class=\"attachment-large size-large wp-image-938\" alt=\"\" \/>\t\t\t\t\t\t\t\t\t\t\t\t\t<\/div>\n\t\t\t\t<\/div>\n\t\t\t\t\t<\/div>\n\t\t\t\t<\/div>\n\t\t\t\t<\/div>\n\t\t\t\t\t<\/div>\n\t\t\t\t<\/div>\n\t\t<div class=\"elementor-element elementor-element-6c53d1c e-con-full e-flex e-con e-parent\" data-id=\"6c53d1c\" data-element_type=\"container\">\n\t\t\t\t<div class=\"elementor-element elementor-element-ccf4bd6 elementor-arrows-position-inside elementor-widget elementor-widget-image-carousel\" data-id=\"ccf4bd6\" data-element_type=\"widget\" data-settings=\"{&quot;slides_to_show&quot;:&quot;5&quot;,&quot;navigation&quot;:&quot;arrows&quot;,&quot;autoplay&quot;:&quot;yes&quot;,&quot;pause_on_hover&quot;:&quot;yes&quot;,&quot;pause_on_interaction&quot;:&quot;yes&quot;,&quot;autoplay_speed&quot;:5000,&quot;infinite&quot;:&quot;yes&quot;,&quot;speed&quot;:500}\" data-widget_type=\"image-carousel.default\">\n\t\t\t\t<div class=\"elementor-widget-container\">\n\t\t\t\t\t<div class=\"elementor-image-carousel-wrapper swiper\" dir=\"ltr\">\n\t\t\t<div class=\"elementor-image-carousel swiper-wrapper swiper-image-stretch\" aria-live=\"off\">\n\t\t\t\t\t\t\t\t<div class=\"swiper-slide\" role=\"group\" aria-roledescription=\"slide\" aria-label=\"1 of 7\"><figure class=\"swiper-slide-inner\"><img decoding=\"async\" class=\"swiper-slide-image\" src=\"https:\/\/dragonpacific.com.mx\/wp-content\/uploads\/2023\/06\/Foodex-Japan-2008.webp\" alt=\"Foodex Japan 2008\" \/><\/figure><\/div><div class=\"swiper-slide\" role=\"group\" aria-roledescription=\"slide\" aria-label=\"2 of 7\"><figure class=\"swiper-slide-inner\"><img decoding=\"async\" class=\"swiper-slide-image\" src=\"https:\/\/dragonpacific.com.mx\/wp-content\/uploads\/2023\/06\/Image_20230621111408-1024x768.webp\" alt=\"Image_20230621111408\" \/><\/figure><\/div><div class=\"swiper-slide\" role=\"group\" aria-roledescription=\"slide\" aria-label=\"3 of 7\"><figure class=\"swiper-slide-inner\"><img decoding=\"async\" class=\"swiper-slide-image\" src=\"https:\/\/dragonpacific.com.mx\/wp-content\/uploads\/2023\/06\/Image_20230621111423-1024x768.webp\" alt=\"Image_20230621111423\" \/><\/figure><\/div><div class=\"swiper-slide\" role=\"group\" aria-roledescription=\"slide\" aria-label=\"4 of 7\"><figure class=\"swiper-slide-inner\"><img decoding=\"async\" class=\"swiper-slide-image\" src=\"https:\/\/dragonpacific.com.mx\/wp-content\/uploads\/2023\/06\/IMG_8961-1024x768.webp\" alt=\"IMG_8961\" \/><\/figure><\/div><div class=\"swiper-slide\" role=\"group\" aria-roledescription=\"slide\" aria-label=\"5 of 7\"><figure class=\"swiper-slide-inner\"><img decoding=\"async\" class=\"swiper-slide-image\" src=\"https:\/\/dragonpacific.com.mx\/wp-content\/uploads\/2023\/06\/IMG_8962-1024x768.webp\" alt=\"IMG_8962\" \/><\/figure><\/div><div class=\"swiper-slide\" role=\"group\" aria-roledescription=\"slide\" aria-label=\"6 of 7\"><figure class=\"swiper-slide-inner\"><img decoding=\"async\" class=\"swiper-slide-image\" src=\"https:\/\/dragonpacific.com.mx\/wp-content\/uploads\/2023\/06\/San-Agustin-a-3.webp\" alt=\"San Agustin a (3)\" \/><\/figure><\/div><div class=\"swiper-slide\" role=\"group\" aria-roledescription=\"slide\" aria-label=\"7 of 7\"><figure class=\"swiper-slide-inner\"><img decoding=\"async\" class=\"swiper-slide-image\" src=\"https:\/\/dragonpacific.com.mx\/wp-content\/uploads\/2023\/06\/WhatsApp-Image-2023-05-24-at-8_41_08-AM.webp\" alt=\"WhatsApp Image 2023-05-24 at 8_41_08 AM\" \/><\/figure><\/div>\t\t\t<\/div>\n\t\t\t\t\t\t\t\t\t\t\t\t<div class=\"elementor-swiper-button elementor-swiper-button-prev\" role=\"button\" tabindex=\"0\">\n\t\t\t\t\t\t<i aria-hidden=\"true\" class=\"eicon-chevron-left\"><\/i>\t\t\t\t\t<\/div>\n\t\t\t\t\t<div class=\"elementor-swiper-button elementor-swiper-button-next\" role=\"button\" tabindex=\"0\">\n\t\t\t\t\t\t<i aria-hidden=\"true\" class=\"eicon-chevron-right\"><\/i>\t\t\t\t\t<\/div>\n\t\t\t\t\n\t\t\t\t\t\t\t\t\t<\/div>\n\t\t\t\t<\/div>\n\t\t\t\t<\/div>\n\t\t\t\t<\/div>\n\t\t\t\t<\/div>","protected":false},"excerpt":{"rendered":"<p>MISI\u00d3N COMERCIAL Uno de nuestros agentes en China lo acompa\u00f1ar\u00e1 durante su viaje de negocios a China. Ofreciendo asesor\u00eda, acompa\u00f1amiento y servicio de interprete y traductor. DPI puede apoyarlo con: Dise\u00f1o de agenda de negocios para agendar citas con proveedores\/clientes; asistencia a ferias y eventos; o similares. Recepci\u00f3n en Aeropuerto por personal de DPI. Traducci\u00f3n [&hellip;]<\/p>","protected":false},"author":1,"featured_media":0,"parent":0,"menu_order":0,"comment_status":"closed","ping_status":"closed","template":"elementor_header_footer","meta":{"footnotes":""},"class_list":["post-763","page","type-page","status-publish","hentry"],"_links":{"self":[{"href":"https:\/\/dragonpacific.com.mx\/en\/wp-json\/wp\/v2\/pages\/763","targetHints":{"allow":["GET"]}}],"collection":[{"href":"https:\/\/dragonpacific.com.mx\/en\/wp-json\/wp\/v2\/pages"}],"about":[{"href":"https:\/\/dragonpacific.com.mx\/en\/wp-json\/wp\/v2\/types\/page"}],"author":[{"embeddable":true,"href":"https:\/\/dragonpacific.com.mx\/en\/wp-json\/wp\/v2\/users\/1"}],"replies":[{"embeddable":true,"href":"https:\/\/dragonpacific.com.mx\/en\/wp-json\/wp\/v2\/comments?post=763"}],"version-history":[{"count":37,"href":"https:\/\/dragonpacific.com.mx\/en\/wp-json\/wp\/v2\/pages\/763\/revisions"}],"predecessor-version":[{"id":1834,"href":"https:\/\/dragonpacific.com.mx\/en\/wp-json\/wp\/v2\/pages\/763\/revisions\/1834"}],"wp:attachment":[{"href":"https:\/\/dragonpacific.com.mx\/en\/wp-json\/wp\/v2\/media?parent=763"}],"curies":[{"name":"wp","href":"https:\/\/api.w.org\/{rel}","templated":true}]}}