{"id":1013,"date":"2023-01-03T17:42:47","date_gmt":"2023-01-03T17:42:47","guid":{"rendered":"https:\/\/dragonpacific.com.mx\/?page_id=1013"},"modified":"2023-09-01T04:32:44","modified_gmt":"2023-09-01T04:32:44","slug":"promocion-de-oferta-exportable","status":"publish","type":"page","link":"https:\/\/dragonpacific.com.mx\/es\/promocion-de-oferta-exportable\/","title":{"rendered":"Promoci\u00f3n de oferta exportable"},"content":{"rendered":"\t\t<div data-elementor-type=\"wp-page\" data-elementor-id=\"1013\" class=\"elementor elementor-1013\" data-elementor-post-type=\"page\">\n\t\t\t\t<div class=\"elementor-element elementor-element-7a62739 e-flex e-con-boxed e-con e-parent\" data-id=\"7a62739\" data-element_type=\"container\" data-settings=\"{&quot;background_background&quot;:&quot;classic&quot;}\">\n\t\t\t\t\t<div class=\"e-con-inner\">\n\t\t\t\t<div class=\"elementor-element elementor-element-743da38 elementor-invisible elementor-widget elementor-widget-heading\" data-id=\"743da38\" data-element_type=\"widget\" data-settings=\"{&quot;_animation&quot;:&quot;slideInUp&quot;,&quot;motion_fx_motion_fx_scrolling&quot;:&quot;yes&quot;,&quot;motion_fx_translateY_effect&quot;:&quot;yes&quot;,&quot;motion_fx_translateY_direction&quot;:&quot;negative&quot;,&quot;motion_fx_translateY_speed&quot;:{&quot;unit&quot;:&quot;px&quot;,&quot;size&quot;:1.8000000000000000444089209850062616169452667236328125,&quot;sizes&quot;:[]},&quot;motion_fx_translateY_affectedRange&quot;:{&quot;unit&quot;:&quot;%&quot;,&quot;size&quot;:&quot;&quot;,&quot;sizes&quot;:{&quot;start&quot;:0,&quot;end&quot;:100}},&quot;motion_fx_devices&quot;:[&quot;desktop&quot;,&quot;laptop&quot;,&quot;tablet&quot;,&quot;mobile&quot;]}\" data-widget_type=\"heading.default\">\n\t\t\t\t<div class=\"elementor-widget-container\">\n\t\t\t<h1 class=\"elementor-heading-title elementor-size-default\">Promoci\u00f3n de <br>Oferta Exportable<\/h1>\t\t<\/div>\n\t\t\t\t<\/div>\n\t\t\t\t\t<\/div>\n\t\t\t\t<\/div>\n\t\t<div class=\"elementor-element elementor-element-e101c43 e-flex e-con-boxed e-con e-parent\" data-id=\"e101c43\" data-element_type=\"container\" data-settings=\"{&quot;background_background&quot;:&quot;gradient&quot;}\" data-no-translation=\"\">\n\t\t\t\t\t<div class=\"e-con-inner\">\n\t\t<div class=\"elementor-element elementor-element-262e8a8 e-con-full e-flex e-con e-parent\" data-id=\"262e8a8\" data-element_type=\"container\">\n\t\t<div class=\"elementor-element elementor-element-5cdd53a e-con-full e-flex e-con e-parent\" data-id=\"5cdd53a\" data-element_type=\"container\">\n\t\t\t\t<div class=\"elementor-element elementor-element-ab8f253 elementor-widget elementor-widget-heading\" data-id=\"ab8f253\" data-element_type=\"widget\" data-widget_type=\"heading.default\">\n\t\t\t\t<div class=\"elementor-widget-container\">\n\t\t\t<h1 class=\"elementor-heading-title elementor-size-default\">DPI funge como su promotor oficial en China<\/h1>\t\t<\/div>\n\t\t\t\t<\/div>\n\t\t\t\t<\/div>\n\t\t<div class=\"elementor-element elementor-element-b0ab36f e-con-full e-flex e-con e-parent\" data-id=\"b0ab36f\" data-element_type=\"container\">\n\t\t<div class=\"elementor-element elementor-element-e9803cf e-flex e-con-boxed e-con e-parent\" data-id=\"e9803cf\" data-element_type=\"container\">\n\t\t\t\t\t<div class=\"e-con-inner\">\n\t\t\t\t<div class=\"elementor-element elementor-element-87dbf4d elementor-widget elementor-widget-text-editor\" data-id=\"87dbf4d\" data-element_type=\"widget\" data-widget_type=\"text-editor.default\">\n\t\t\t\t<div class=\"elementor-widget-container\">\n\t\t\t\t\t\t\t<ul><li>Contactando clientes potenciales en China<\/li><li>Enviando material publicitario<\/li><li>Dando seguimiento a clientes<\/li><li>Participaci\u00f3n en eventos de promoci\u00f3n (ferias, expos, etc.)<\/li><li>Y m\u00e1s<\/li><\/ul>\t\t\t\t\t\t<\/div>\n\t\t\t\t<\/div>\n\t\t\t\t<div class=\"elementor-element elementor-element-487fccf elementor-widget elementor-widget-text-editor\" data-id=\"487fccf\" data-element_type=\"widget\" data-widget_type=\"text-editor.default\">\n\t\t\t\t<div class=\"elementor-widget-container\">\n\t\t\t\t\t\t\t<p>Tambi\u00e9n te apoyamos en la prospecci\u00f3n de mercados para complementar <strong>tu investigaci\u00f3n de mercados<\/strong> mediante un reporte con:<\/p><ul><li>Estad\u00edsticas comerciales<\/li><li>Informaci\u00f3n de Canales de distribuci\u00f3n<\/li><li><strong>Precios actuales<\/strong> de mercado<\/li><li>Principales <strong>retos y oportunidades<\/strong>.<\/li><li><strong>Segmentaci\u00f3n del mercado<\/strong><\/li><li>Restricciones aplicables<\/li><\/ul>\t\t\t\t\t\t<\/div>\n\t\t\t\t<\/div>\n\t\t\t\t\t<\/div>\n\t\t\t\t<\/div>\n\t\t\t\t<\/div>\n\t\t<div class=\"elementor-element elementor-element-e5cb184 e-con-full e-flex e-con e-parent\" data-id=\"e5cb184\" data-element_type=\"container\">\n\t\t<div class=\"elementor-element elementor-element-62a4e1d e-flex e-con-boxed e-con e-parent\" data-id=\"62a4e1d\" data-element_type=\"container\">\n\t\t\t\t\t<div class=\"e-con-inner\">\n\t\t\t\t<div class=\"elementor-element elementor-element-0196b83 elementor-widget elementor-widget-image\" data-id=\"0196b83\" data-element_type=\"widget\" data-settings=\"{&quot;motion_fx_motion_fx_scrolling&quot;:&quot;yes&quot;,&quot;motion_fx_translateY_effect&quot;:&quot;yes&quot;,&quot;motion_fx_translateY_speed&quot;:{&quot;unit&quot;:&quot;px&quot;,&quot;size&quot;:1.5,&quot;sizes&quot;:[]},&quot;motion_fx_translateY_affectedRange&quot;:{&quot;unit&quot;:&quot;%&quot;,&quot;size&quot;:&quot;&quot;,&quot;sizes&quot;:{&quot;start&quot;:0,&quot;end&quot;:100}},&quot;motion_fx_devices&quot;:[&quot;desktop&quot;,&quot;laptop&quot;,&quot;tablet&quot;,&quot;mobile&quot;]}\" data-widget_type=\"image.default\">\n\t\t\t\t<div class=\"elementor-widget-container\">\n\t\t\t\t\t\t\t\t\t\t\t\t\t<img fetchpriority=\"high\" decoding=\"async\" width=\"800\" height=\"244\" src=\"https:\/\/dragonpacific.com.mx\/wp-content\/uploads\/2023\/01\/Recurso1.svg\" class=\"attachment-large size-large wp-image-1017\" alt=\"\" \/>\t\t\t\t\t\t\t\t\t\t\t\t\t<\/div>\n\t\t\t\t<\/div>\n\t\t\t\t<div class=\"elementor-element elementor-element-b6f316b elementor-widget elementor-widget-image\" data-id=\"b6f316b\" data-element_type=\"widget\" data-settings=\"{&quot;motion_fx_motion_fx_scrolling&quot;:&quot;yes&quot;,&quot;motion_fx_translateY_effect&quot;:&quot;yes&quot;,&quot;motion_fx_translateY_speed&quot;:{&quot;unit&quot;:&quot;px&quot;,&quot;size&quot;:2,&quot;sizes&quot;:[]},&quot;motion_fx_translateY_affectedRange&quot;:{&quot;unit&quot;:&quot;%&quot;,&quot;size&quot;:&quot;&quot;,&quot;sizes&quot;:{&quot;start&quot;:0,&quot;end&quot;:100}},&quot;motion_fx_devices&quot;:[&quot;desktop&quot;,&quot;laptop&quot;,&quot;tablet&quot;,&quot;mobile&quot;]}\" data-widget_type=\"image.default\">\n\t\t\t\t<div class=\"elementor-widget-container\">\n\t\t\t\t\t\t\t\t\t\t\t\t\t<img decoding=\"async\" width=\"800\" height=\"491\" src=\"https:\/\/dragonpacific.com.mx\/wp-content\/uploads\/2023\/01\/Reda.svg\" class=\"attachment-large size-large wp-image-1016\" alt=\"\" \/>\t\t\t\t\t\t\t\t\t\t\t\t\t<\/div>\n\t\t\t\t<\/div>\n\t\t\t\t\t<\/div>\n\t\t\t\t<\/div>\n\t\t\t\t<\/div>\n\t\t\t\t<\/div>\n\t\t\t\t\t<\/div>\n\t\t\t\t<\/div>\n\t\t<div class=\"elementor-element elementor-element-4e5954e e-con-full e-flex e-con e-parent\" data-id=\"4e5954e\" data-element_type=\"container\">\n\t\t\t\t<div class=\"elementor-element elementor-element-ab52562 elementor-arrows-position-inside elementor-widget elementor-widget-image-carousel\" data-id=\"ab52562\" data-element_type=\"widget\" data-settings=\"{&quot;slides_to_show&quot;:&quot;5&quot;,&quot;navigation&quot;:&quot;arrows&quot;,&quot;autoplay&quot;:&quot;yes&quot;,&quot;pause_on_hover&quot;:&quot;yes&quot;,&quot;pause_on_interaction&quot;:&quot;yes&quot;,&quot;autoplay_speed&quot;:5000,&quot;infinite&quot;:&quot;yes&quot;,&quot;speed&quot;:500}\" data-widget_type=\"image-carousel.default\">\n\t\t\t\t<div class=\"elementor-widget-container\">\n\t\t\t\t\t<div class=\"elementor-image-carousel-wrapper swiper\" dir=\"ltr\">\n\t\t\t<div class=\"elementor-image-carousel swiper-wrapper swiper-image-stretch\" aria-live=\"off\">\n\t\t\t\t\t\t\t\t<div class=\"swiper-slide\" role=\"group\" aria-roledescription=\"slide\" aria-label=\"1 de 7\"><figure class=\"swiper-slide-inner\"><img decoding=\"async\" class=\"swiper-slide-image\" src=\"https:\/\/dragonpacific.com.mx\/wp-content\/uploads\/2023\/06\/Foodex-2008-Aguacate.jpg\" alt=\"Foodex 2008 Aguacate\" \/><\/figure><\/div><div class=\"swiper-slide\" role=\"group\" aria-roledescription=\"slide\" aria-label=\"2 de 7\"><figure class=\"swiper-slide-inner\"><img decoding=\"async\" class=\"swiper-slide-image\" src=\"https:\/\/dragonpacific.com.mx\/wp-content\/uploads\/2023\/06\/Aguacate-en-Japon-FOODEX.jpg\" alt=\"Aguacate en Japon FOODEX\" \/><\/figure><\/div><div class=\"swiper-slide\" role=\"group\" aria-roledescription=\"slide\" aria-label=\"3 de 7\"><figure class=\"swiper-slide-inner\"><img decoding=\"async\" class=\"swiper-slide-image\" src=\"https:\/\/dragonpacific.com.mx\/wp-content\/uploads\/2023\/06\/Aguacate-Mich-Sz-1024x690.jpeg\" alt=\"Aguacate Mich Sz\" \/><\/figure><\/div><div class=\"swiper-slide\" role=\"group\" aria-roledescription=\"slide\" aria-label=\"4 de 7\"><figure class=\"swiper-slide-inner\"><img decoding=\"async\" class=\"swiper-slide-image\" src=\"https:\/\/dragonpacific.com.mx\/wp-content\/uploads\/2023\/06\/Aguacate-Mich-Sz2-1024x724.jpeg\" alt=\"Aguacate Mich Sz2\" \/><\/figure><\/div><div class=\"swiper-slide\" role=\"group\" aria-roledescription=\"slide\" aria-label=\"5 de 7\"><figure class=\"swiper-slide-inner\"><img decoding=\"async\" class=\"swiper-slide-image\" src=\"https:\/\/dragonpacific.com.mx\/wp-content\/uploads\/2023\/06\/la-foto-4.jpg\" alt=\"la foto 4\" \/><\/figure><\/div><div class=\"swiper-slide\" role=\"group\" aria-roledescription=\"slide\" aria-label=\"6 de 7\"><figure class=\"swiper-slide-inner\"><img decoding=\"async\" class=\"swiper-slide-image\" src=\"https:\/\/dragonpacific.com.mx\/wp-content\/uploads\/2023\/06\/la-foto-5.jpg\" alt=\"la foto 5\" \/><\/figure><\/div><div class=\"swiper-slide\" role=\"group\" aria-roledescription=\"slide\" aria-label=\"7 de 7\"><figure class=\"swiper-slide-inner\"><img decoding=\"async\" class=\"swiper-slide-image\" src=\"https:\/\/dragonpacific.com.mx\/wp-content\/uploads\/2023\/06\/San-Agustin-a-5.jpg\" alt=\"San Agustin a (5)\" \/><\/figure><\/div>\t\t\t<\/div>\n\t\t\t\t\t\t\t\t\t\t\t\t<div class=\"elementor-swiper-button elementor-swiper-button-prev\" role=\"button\" tabindex=\"0\">\n\t\t\t\t\t\t<i aria-hidden=\"true\" class=\"eicon-chevron-left\"><\/i>\t\t\t\t\t<\/div>\n\t\t\t\t\t<div class=\"elementor-swiper-button elementor-swiper-button-next\" role=\"button\" tabindex=\"0\">\n\t\t\t\t\t\t<i aria-hidden=\"true\" class=\"eicon-chevron-right\"><\/i>\t\t\t\t\t<\/div>\n\t\t\t\t\n\t\t\t\t\t\t\t\t\t<\/div>\n\t\t\t\t<\/div>\n\t\t\t\t<\/div>\n\t\t\t\t<\/div>\n\t\t\t\t<\/div>\n\t\t","protected":false},"excerpt":{"rendered":"<p>Promoci\u00f3n de Oferta Exportable DPI funge como su promotor oficial en China Contactando clientes potenciales en China Enviando material publicitario Dando seguimiento a clientes Participaci\u00f3n en eventos de promoci\u00f3n (ferias, expos, etc.) Y m\u00e1s Tambi\u00e9n te apoyamos en la prospecci\u00f3n de mercados para complementar tu investigaci\u00f3n de mercados mediante un reporte con: Estad\u00edsticas comerciales Informaci\u00f3n [&hellip;]<\/p>\n","protected":false},"author":1,"featured_media":0,"parent":0,"menu_order":0,"comment_status":"closed","ping_status":"closed","template":"elementor_header_footer","meta":{"footnotes":""},"class_list":["post-1013","page","type-page","status-publish","hentry"],"_links":{"self":[{"href":"https:\/\/dragonpacific.com.mx\/es\/wp-json\/wp\/v2\/pages\/1013","targetHints":{"allow":["GET"]}}],"collection":[{"href":"https:\/\/dragonpacific.com.mx\/es\/wp-json\/wp\/v2\/pages"}],"about":[{"href":"https:\/\/dragonpacific.com.mx\/es\/wp-json\/wp\/v2\/types\/page"}],"author":[{"embeddable":true,"href":"https:\/\/dragonpacific.com.mx\/es\/wp-json\/wp\/v2\/users\/1"}],"replies":[{"embeddable":true,"href":"https:\/\/dragonpacific.com.mx\/es\/wp-json\/wp\/v2\/comments?post=1013"}],"version-history":[{"count":37,"href":"https:\/\/dragonpacific.com.mx\/es\/wp-json\/wp\/v2\/pages\/1013\/revisions"}],"predecessor-version":[{"id":1880,"href":"https:\/\/dragonpacific.com.mx\/es\/wp-json\/wp\/v2\/pages\/1013\/revisions\/1880"}],"wp:attachment":[{"href":"https:\/\/dragonpacific.com.mx\/es\/wp-json\/wp\/v2\/media?parent=1013"}],"curies":[{"name":"wp","href":"https:\/\/api.w.org\/{rel}","templated":true}]}}