{"id":25,"date":"2022-12-05T18:29:41","date_gmt":"2022-12-05T18:29:41","guid":{"rendered":"https:\/\/dragonpacific.com.mx\/?page_id=25"},"modified":"2023-10-09T18:21:08","modified_gmt":"2023-10-09T18:21:08","slug":"nosotros","status":"publish","type":"page","link":"https:\/\/dragonpacific.com.mx\/es\/nosotros\/","title":{"rendered":"Nosotros"},"content":{"rendered":"\t\t<div data-elementor-type=\"wp-page\" data-elementor-id=\"25\" class=\"elementor elementor-25\" data-elementor-post-type=\"page\">\n\t\t\t\t<div class=\"elementor-element elementor-element-8db331f e-flex e-con-boxed e-con e-parent\" data-id=\"8db331f\" data-element_type=\"container\" data-settings=\"{&quot;background_background&quot;:&quot;classic&quot;}\">\n\t\t\t\t\t<div class=\"e-con-inner\">\n\t\t\t\t\t<\/div>\n\t\t\t\t<\/div>\n\t\t<div class=\"elementor-element elementor-element-d04d401 e-flex e-con-boxed e-con e-parent\" data-id=\"d04d401\" data-element_type=\"container\" data-settings=\"{&quot;background_background&quot;:&quot;gradient&quot;}\">\n\t\t\t\t\t<div class=\"e-con-inner\">\n\t\t<div class=\"elementor-element elementor-element-8b21256 e-con-full e-flex e-con e-parent\" data-id=\"8b21256\" data-element_type=\"container\">\n\t\t\t\t<div class=\"elementor-element elementor-element-9edf751 elementor-widget elementor-widget-heading\" data-id=\"9edf751\" data-element_type=\"widget\" data-no-translation=\"\" data-widget_type=\"heading.default\">\n\t\t\t\t<div class=\"elementor-widget-container\">\n\t\t\t<h2 class=\"elementor-heading-title elementor-size-default\">Dragon Pacific International<\/h2>\t\t<\/div>\n\t\t\t\t<\/div>\n\t\t\t\t<div class=\"elementor-element elementor-element-7a3a93d elementor-widget elementor-widget-heading\" data-id=\"7a3a93d\" data-element_type=\"widget\" data-no-translation=\"\" data-widget_type=\"heading.default\">\n\t\t\t\t<div class=\"elementor-widget-container\">\n\t\t\t<style>.elementor-element-7a3a93d{display:none !important}<\/style>\t\t<\/div>\n\t\t\t\t<\/div>\n\t\t\t\t<div class=\"elementor-element elementor-element-a3829cb elementor-widget elementor-widget-heading\" data-id=\"a3829cb\" data-element_type=\"widget\" data-no-translation=\"\" data-widget_type=\"heading.default\">\n\t\t\t\t<div class=\"elementor-widget-container\">\n\t\t\t<h2 class=\"elementor-heading-title elementor-size-default\">Agencia internacional de servicios de compra especializada en operaciones de comercio con China. <\/h2>\t\t<\/div>\n\t\t\t\t<\/div>\n\t\t\t\t<div class=\"elementor-element elementor-element-cdb021e elementor-widget elementor-widget-text-editor\" data-id=\"cdb021e\" data-element_type=\"widget\" data-no-translation=\"\" data-widget_type=\"text-editor.default\">\n\t\t\t\t<div class=\"elementor-widget-container\">\n\t\t\t<style>.elementor-element-cdb021e{display:none !important}<\/style>\t\t<\/div>\n\t\t\t\t<\/div>\n\t\t\t\t<\/div>\n\t\t\t\t\t<\/div>\n\t\t\t\t<\/div>\n\t\t<div class=\"elementor-element elementor-element-c9c91b9 e-flex e-con-boxed e-con e-parent\" data-id=\"c9c91b9\" data-element_type=\"container\" data-settings=\"{&quot;background_background&quot;:&quot;classic&quot;}\" data-no-translation=\"\">\n\t\t\t\t\t<div class=\"e-con-inner\">\n\t\t<div class=\"elementor-element elementor-element-f0a5c8f e-con-full e-flex e-con e-parent\" data-id=\"f0a5c8f\" data-element_type=\"container\">\n\t\t\t\t<div class=\"elementor-element elementor-element-081de51 elementor-widget elementor-widget-heading\" data-id=\"081de51\" data-element_type=\"widget\" data-widget_type=\"heading.default\">\n\t\t\t\t<div class=\"elementor-widget-container\">\n\t\t\t<h2 class=\"elementor-heading-title elementor-size-default\">Nuestra misi\u00f3n<\/h2>\t\t<\/div>\n\t\t\t\t<\/div>\n\t\t\t\t<div class=\"elementor-element elementor-element-315cbca elementor-widget elementor-widget-text-editor\" data-id=\"315cbca\" data-element_type=\"widget\" data-widget_type=\"text-editor.default\">\n\t\t\t\t<div class=\"elementor-widget-container\">\n\t\t\t\t\t\t\t<p>Ofrecer servicios y soluciones en materia de Comercio Exterior, mediante la promoci\u00f3n de productos mexicanos en el extranjero y la b\u00fasqueda y\/o importaci\u00f3n de equipos, maquinaria, insumos y materia prima de origen Chino.<\/p>\t\t\t\t\t\t<\/div>\n\t\t\t\t<\/div>\n\t\t\t\t<\/div>\n\t\t\t\t\t<\/div>\n\t\t\t\t<\/div>\n\t\t<div class=\"elementor-element elementor-element-36c5a67 e-con-full e-flex e-con e-parent\" data-id=\"36c5a67\" data-element_type=\"container\">\n\t\t\t\t<div class=\"elementor-element elementor-element-2c19627 elementor-skin-carousel elementor-arrows-yes elementor-widget elementor-widget-media-carousel\" data-id=\"2c19627\" data-element_type=\"widget\" data-settings=\"{&quot;slides_per_view&quot;:&quot;5&quot;,&quot;space_between&quot;:{&quot;unit&quot;:&quot;px&quot;,&quot;size&quot;:0,&quot;sizes&quot;:[]},&quot;skin&quot;:&quot;carousel&quot;,&quot;effect&quot;:&quot;slide&quot;,&quot;show_arrows&quot;:&quot;yes&quot;,&quot;speed&quot;:500,&quot;autoplay&quot;:&quot;yes&quot;,&quot;autoplay_speed&quot;:5000,&quot;loop&quot;:&quot;yes&quot;,&quot;pause_on_hover&quot;:&quot;yes&quot;,&quot;pause_on_interaction&quot;:&quot;yes&quot;,&quot;space_between_laptop&quot;:{&quot;unit&quot;:&quot;px&quot;,&quot;size&quot;:10,&quot;sizes&quot;:[]},&quot;space_between_tablet&quot;:{&quot;unit&quot;:&quot;px&quot;,&quot;size&quot;:10,&quot;sizes&quot;:[]},&quot;space_between_mobile&quot;:{&quot;unit&quot;:&quot;px&quot;,&quot;size&quot;:10,&quot;sizes&quot;:[]}}\" data-widget_type=\"media-carousel.default\">\n\t\t\t\t<div class=\"elementor-widget-container\">\n\t\t\t\t\t<div class=\"elementor-swiper\">\n\t\t\t<div class=\"elementor-main-swiper swiper\">\n\t\t\t\t<div class=\"swiper-wrapper\">\n\t\t\t\t\t\t\t\t\t\t\t<div class=\"swiper-slide\">\n\t\t\t\t\t\t\t\t\t<div class=\"elementor-carousel-image\" role=\"img\" aria-label=\"DPI11\" style=\"background-image: url(&#039;https:\/\/dragonpacific.com.mx\/wp-content\/uploads\/2023\/01\/DPI11.webp&#039;)\">\n\n\t\t\t\n\t\t\t\t\t<\/div>\n\t\t\t\t\t\t\t\t<\/div>\n\t\t\t\t\t\t\t\t\t\t\t<div class=\"swiper-slide\">\n\t\t\t\t\t\t\t\t\t<div class=\"elementor-carousel-image\" role=\"img\" aria-label=\"DPI7\" style=\"background-image: url(&#039;https:\/\/dragonpacific.com.mx\/wp-content\/uploads\/2023\/01\/DPI7.webp&#039;)\">\n\n\t\t\t\n\t\t\t\t\t<\/div>\n\t\t\t\t\t\t\t\t<\/div>\n\t\t\t\t\t\t\t\t\t\t\t<div class=\"swiper-slide\">\n\t\t\t\t\t\t\t\t\t<div class=\"elementor-carousel-image\" role=\"img\" aria-label=\"DPI9\" style=\"background-image: url(&#039;https:\/\/dragonpacific.com.mx\/wp-content\/uploads\/2023\/01\/DPI9.webp&#039;)\">\n\n\t\t\t\n\t\t\t\t\t<\/div>\n\t\t\t\t\t\t\t\t<\/div>\n\t\t\t\t\t\t\t\t\t\t\t<div class=\"swiper-slide\">\n\t\t\t\t\t\t\t\t\t<div class=\"elementor-carousel-image\" role=\"img\" aria-label=\"DPI10\" style=\"background-image: url(&#039;https:\/\/dragonpacific.com.mx\/wp-content\/uploads\/2023\/01\/DPI10.webp&#039;)\">\n\n\t\t\t\n\t\t\t\t\t<\/div>\n\t\t\t\t\t\t\t\t<\/div>\n\t\t\t\t\t\t\t\t\t\t\t<div class=\"swiper-slide\">\n\t\t\t\t\t\t\t\t\t<div class=\"elementor-carousel-image\" role=\"img\" aria-label=\"DPI6\" style=\"background-image: url(&#039;https:\/\/dragonpacific.com.mx\/wp-content\/uploads\/2023\/01\/DPI6.webp&#039;)\">\n\n\t\t\t\n\t\t\t\t\t<\/div>\n\t\t\t\t\t\t\t\t<\/div>\n\t\t\t\t\t\t\t\t\t<\/div>\n\t\t\t\t\t\t\t\t\t\t\t\t\t\t\t\t\t\t\t\t<div class=\"elementor-swiper-button elementor-swiper-button-prev\" role=\"button\" tabindex=\"0\">\n\t\t\t\t\t\t\t<i aria-hidden=\"true\" class=\"eicon-chevron-left\"><\/i>\t\t\t\t\t\t\t<span class=\"elementor-screen-only\">Previous<\/span>\n\t\t\t\t\t\t<\/div>\n\t\t\t\t\t\t<div class=\"elementor-swiper-button elementor-swiper-button-next\" role=\"button\" tabindex=\"0\">\n\t\t\t\t\t\t\t<i aria-hidden=\"true\" class=\"eicon-chevron-right\"><\/i>\t\t\t\t\t\t\t<span class=\"elementor-screen-only\">Next<\/span>\n\t\t\t\t\t\t<\/div>\n\t\t\t\t\t\t\t\t\t\t\t\t<\/div>\n\t\t<\/div>\n\t\t\t\t<\/div>\n\t\t\t\t<\/div>\n\t\t\t\t<\/div>\n\t\t\t\t<\/div>\n\t\t","protected":false},"excerpt":{"rendered":"<p>\u9f99\u592a\u5e73\u6d0b\u56fd\u9645\uff08DPI\uff09\u662f\u4e00\u5bb6\u56fd\u9645\u91c7\u8d2d \uff0c\u91c7\u8d2d\u548c\u8d38\u6613\u516c\u53f8\u3002\u901a\u8fc7\u6211\u4eec\u7684\u5458\u5de5\u3001\u68c0\u9a8c\u5458\u7f51\u7edc\u548c\u5408\u4f5c\u4f19\u4f34\uff0c\u6211\u4eec\u80fd\u591f\u5e2e\u52a9\u60a8\u5728\u4ece\u4e2d\u56fd\u8d2d\u4e70\u65f6\u5b8c\u6210\u6240\u6709\u6d41\u7a0b\u3002 \u6211\u4eec\u7684\u4e3b\u8981\u670d\u52a1\u5305\u62ec\uff1a \u91c7\u8d2d\u670d\u52a1\u641c\u7d22\u3001\u9009\u62e9\u3001\u62a5\u4ef7\u548c\u4e0e\u4f9b\u5e94\u5546\u8c08\u5224 \u8d28\u91cf\u68c0\u9a8c\u5ba1\u6838\/\u53c2\u89c2\u4e2d\u56fd\u7684\u5de5\u5382\u548c\u8d28\u91cf\u68c0\u9a8c\u3002 \u95e8\u5230\u95e8\u8fdb\u53e3\uff08\u8d38\u6613\u516c\u53f8\uff09 \uf0e0 DPI\u5c06\u5904\u7406\u6574\u4e2a\u8fc7\u7a0b\uff0c\u5c06\u8d27\u7269\u4ece\u4e2d\u56fd\u76f4\u63a5\u5e26\u5230\u4e70\u65b9\u4ed3\u5e93\uff0c\u6211\u4eec\u5c06\u534f\u8c03\u8d2d\u4e70\u8fc7\u7a0b\uff0c\u5904\u7406\u7269\u6d41\u548c\u6e05\u5173\u6d41\u7a0b\u7b49\u3002 \u5728\u58a8\u897f\u54e5\u548c\u4e2d\u56fd\u6ce8\u518c\u5546\u6807\uf0e0 \u5546\u54c1\u7ecf\u7eaa\/\u4fc3\u9500\uf0e0 \u6211\u4eec\u5e2e\u52a9\u51fa\u53e3\u5546\u8fdb\u5165\u4e2d\u56fd\u5e02\u573a\u3002 \u6295\u8d44\u548c\u4f17\u7b79\uf0e0 \u6211\u4eec\u5e2e\u52a9\u6b63\u5728\u5bfb\u627e\u4e2d\u56fd\u6295\u8d44\u8005\u7684\u516c\u53f8\uff0c\u6211\u4eec\u4e0e\u79c1\u8425\u90e8\u95e8\u548c\u653f\u5e9c\u4fdd\u6301\u8054\u7cfb Nuestra misi\u00f3n Ofrecer servicios y soluciones en materia de Comercio Exterior, mediante la promoci\u00f3n de productos mexicanos en el extranjero y la b\u00fasqueda y\/o importaci\u00f3n de equipos, maquinaria, insumos y materia prima de origen Chino. \u6211\u5011\u7684\u670d\u52d9 \u6211\u5011\u70ba\u60a8\u7684\u9032\u53e3\u63d0\u4f9b\u6700\u597d\u7684\u652f\u6301\u548c\u670d\u52d9 \u91c7\u8d2d\/\u641c\u7d22 \u8d28\u91cf\u4fdd\u8bc1\/\u8d28\u91cf\u68c0\u67e5 \u91c7\u8d2d\u529e\u4e8b\u5904 \u6216\u4ee3\u7406 \u54a8\u8be2\u548c\u8d38\u6613 [&hellip;]<\/p>\n","protected":false},"author":1,"featured_media":0,"parent":0,"menu_order":0,"comment_status":"closed","ping_status":"closed","template":"elementor_header_footer","meta":{"footnotes":""},"class_list":["post-25","page","type-page","status-publish","hentry"],"_links":{"self":[{"href":"https:\/\/dragonpacific.com.mx\/es\/wp-json\/wp\/v2\/pages\/25","targetHints":{"allow":["GET"]}}],"collection":[{"href":"https:\/\/dragonpacific.com.mx\/es\/wp-json\/wp\/v2\/pages"}],"about":[{"href":"https:\/\/dragonpacific.com.mx\/es\/wp-json\/wp\/v2\/types\/page"}],"author":[{"embeddable":true,"href":"https:\/\/dragonpacific.com.mx\/es\/wp-json\/wp\/v2\/users\/1"}],"replies":[{"embeddable":true,"href":"https:\/\/dragonpacific.com.mx\/es\/wp-json\/wp\/v2\/comments?post=25"}],"version-history":[{"count":79,"href":"https:\/\/dragonpacific.com.mx\/es\/wp-json\/wp\/v2\/pages\/25\/revisions"}],"predecessor-version":[{"id":1965,"href":"https:\/\/dragonpacific.com.mx\/es\/wp-json\/wp\/v2\/pages\/25\/revisions\/1965"}],"wp:attachment":[{"href":"https:\/\/dragonpacific.com.mx\/es\/wp-json\/wp\/v2\/media?parent=25"}],"curies":[{"name":"wp","href":"https:\/\/api.w.org\/{rel}","templated":true}]}}