{"id":758,"date":"2022-12-15T05:04:26","date_gmt":"2022-12-15T05:04:26","guid":{"rendered":"https:\/\/dragonpacific.com.mx\/?page_id=758"},"modified":"2023-06-24T00:19:53","modified_gmt":"2023-06-24T00:19:53","slug":"representacion-integral","status":"publish","type":"page","link":"https:\/\/dragonpacific.com.mx\/es\/representacion-integral\/","title":{"rendered":"Representaci\u00f3n Integral"},"content":{"rendered":"\t\t<div data-elementor-type=\"wp-page\" data-elementor-id=\"758\" class=\"elementor elementor-758\" data-elementor-post-type=\"page\">\n\t\t\t\t<div class=\"elementor-element elementor-element-d469264 e-flex e-con-boxed e-con e-parent\" data-id=\"d469264\" data-element_type=\"container\" data-settings=\"{&quot;background_background&quot;:&quot;classic&quot;}\">\n\t\t\t\t\t<div class=\"e-con-inner\">\n\t\t\t\t<div class=\"elementor-element elementor-element-2489668 elementor-invisible elementor-widget elementor-widget-heading\" data-id=\"2489668\" data-element_type=\"widget\" data-settings=\"{&quot;_animation&quot;:&quot;slideInUp&quot;,&quot;motion_fx_motion_fx_scrolling&quot;:&quot;yes&quot;,&quot;motion_fx_translateY_effect&quot;:&quot;yes&quot;,&quot;motion_fx_translateY_direction&quot;:&quot;negative&quot;,&quot;motion_fx_translateY_speed&quot;:{&quot;unit&quot;:&quot;px&quot;,&quot;size&quot;:1.8000000000000000444089209850062616169452667236328125,&quot;sizes&quot;:[]},&quot;motion_fx_translateY_affectedRange&quot;:{&quot;unit&quot;:&quot;%&quot;,&quot;size&quot;:&quot;&quot;,&quot;sizes&quot;:{&quot;start&quot;:0,&quot;end&quot;:100}},&quot;motion_fx_devices&quot;:[&quot;desktop&quot;,&quot;laptop&quot;,&quot;tablet&quot;,&quot;mobile&quot;]}\" data-widget_type=\"heading.default\">\n\t\t\t\t<div class=\"elementor-widget-container\">\n\t\t\t<h2 class=\"elementor-heading-title elementor-size-default\">REPRESENTACI\u00d3N INTEGRAL<\/h2>\t\t<\/div>\n\t\t\t\t<\/div>\n\t\t\t\t\t<\/div>\n\t\t\t\t<\/div>\n\t\t<div class=\"elementor-element elementor-element-1577323 e-flex e-con-boxed e-con e-parent\" data-id=\"1577323\" data-element_type=\"container\" data-settings=\"{&quot;background_background&quot;:&quot;gradient&quot;}\" data-no-translation=\"\">\n\t\t\t\t\t<div class=\"e-con-inner\">\n\t\t<div class=\"elementor-element elementor-element-dd68347 e-con-full e-flex e-con e-parent\" data-id=\"dd68347\" data-element_type=\"container\">\n\t\t<div class=\"elementor-element elementor-element-e30274f e-con-full e-flex e-con e-parent\" data-id=\"e30274f\" data-element_type=\"container\">\n\t\t\t\t<div class=\"elementor-element elementor-element-538cac0 elementor-widget elementor-widget-text-editor\" data-id=\"538cac0\" data-element_type=\"widget\" data-widget_type=\"text-editor.default\">\n\t\t\t\t<div class=\"elementor-widget-container\">\n\t\t\t\t\t\t\t<p><strong>DPI funge como tu representante o agente de compras <\/strong><strong>en China. Seremos su oficina de Compras en China<\/strong><\/p><p>Mediante una iguala mensual, comision por cada compra o la combinacion de ambas, el cliente puede <strong>contar con un agente en China dedicado al 100% a su proyecto<\/strong>, de acuerdo a las necesidades primordiales.<\/p><p>La representaci\u00f3n <strong>integra varios servicios en un mismo paquete<\/strong>, desde el desarrollo de proveedur\u00eda, seguimiento constante a sus \u00f3rdenes y proveedores, mediaci\u00f3n de comunicaciones, traducciones, inspecciones de calidad, re-negociaci\u00f3n, env\u00edo de muestras, logistica e importacion de mercancia.<\/p><p><strong>DPI se encargar\u00e1 de crear un traje a la medida seg\u00fan sus necesidades<\/strong>, y se armar\u00e1 una propuesta que puede ser a mediano o largo plazo.<\/p>\t\t\t\t\t\t<\/div>\n\t\t\t\t<\/div>\n\t\t\t\t<\/div>\n\t\t<div class=\"elementor-element elementor-element-8c46033 e-flex e-con-boxed e-con e-parent\" data-id=\"8c46033\" data-element_type=\"container\">\n\t\t\t\t\t<div class=\"e-con-inner\">\n\t\t<div class=\"elementor-element elementor-element-66d8ff9 e-flex e-con-boxed e-con e-parent\" data-id=\"66d8ff9\" data-element_type=\"container\">\n\t\t\t\t\t<div class=\"e-con-inner\">\n\t\t\t\t<div class=\"elementor-element elementor-element-15131d0 elementor-widget elementor-widget-image\" data-id=\"15131d0\" data-element_type=\"widget\" data-settings=\"{&quot;motion_fx_motion_fx_scrolling&quot;:&quot;yes&quot;,&quot;motion_fx_translateY_effect&quot;:&quot;yes&quot;,&quot;motion_fx_translateY_speed&quot;:{&quot;unit&quot;:&quot;px&quot;,&quot;size&quot;:1.5,&quot;sizes&quot;:[]},&quot;motion_fx_translateY_affectedRange&quot;:{&quot;unit&quot;:&quot;%&quot;,&quot;size&quot;:&quot;&quot;,&quot;sizes&quot;:{&quot;start&quot;:0,&quot;end&quot;:100}},&quot;motion_fx_devices&quot;:[&quot;desktop&quot;,&quot;laptop&quot;,&quot;tablet&quot;,&quot;mobile&quot;]}\" data-widget_type=\"image.default\">\n\t\t\t\t<div class=\"elementor-widget-container\">\n\t\t\t\t\t\t\t\t\t\t\t\t\t<img fetchpriority=\"high\" decoding=\"async\" width=\"800\" height=\"331\" src=\"https:\/\/dragonpacific.com.mx\/wp-content\/uploads\/2023\/01\/Repre1.svg\" class=\"attachment-large size-large wp-image-909\" alt=\"\" \/>\t\t\t\t\t\t\t\t\t\t\t\t\t<\/div>\n\t\t\t\t<\/div>\n\t\t\t\t<div class=\"elementor-element elementor-element-1eca00a elementor-widget elementor-widget-image\" data-id=\"1eca00a\" data-element_type=\"widget\" data-settings=\"{&quot;motion_fx_motion_fx_scrolling&quot;:&quot;yes&quot;,&quot;motion_fx_translateY_effect&quot;:&quot;yes&quot;,&quot;motion_fx_translateY_speed&quot;:{&quot;unit&quot;:&quot;px&quot;,&quot;size&quot;:2,&quot;sizes&quot;:[]},&quot;motion_fx_translateY_affectedRange&quot;:{&quot;unit&quot;:&quot;%&quot;,&quot;size&quot;:&quot;&quot;,&quot;sizes&quot;:{&quot;start&quot;:0,&quot;end&quot;:100}},&quot;motion_fx_devices&quot;:[&quot;desktop&quot;,&quot;laptop&quot;,&quot;tablet&quot;,&quot;mobile&quot;]}\" data-widget_type=\"image.default\">\n\t\t\t\t<div class=\"elementor-widget-container\">\n\t\t\t\t\t\t\t\t\t\t\t\t\t<img decoding=\"async\" width=\"800\" height=\"418\" src=\"https:\/\/dragonpacific.com.mx\/wp-content\/uploads\/2023\/01\/Repre2.svg\" class=\"attachment-large size-large wp-image-908\" alt=\"\" \/>\t\t\t\t\t\t\t\t\t\t\t\t\t<\/div>\n\t\t\t\t<\/div>\n\t\t\t\t\t<\/div>\n\t\t\t\t<\/div>\n\t\t\t\t\t<\/div>\n\t\t\t\t<\/div>\n\t\t\t\t<\/div>\n\t\t\t\t\t<\/div>\n\t\t\t\t<\/div>\n\t\t<div class=\"elementor-element elementor-element-d0672d3 e-con-full e-flex e-con e-parent\" data-id=\"d0672d3\" data-element_type=\"container\">\n\t\t\t\t<div class=\"elementor-element elementor-element-0c4e2ac elementor-arrows-position-inside elementor-widget elementor-widget-image-carousel\" data-id=\"0c4e2ac\" data-element_type=\"widget\" data-settings=\"{&quot;slides_to_show&quot;:&quot;5&quot;,&quot;navigation&quot;:&quot;arrows&quot;,&quot;autoplay&quot;:&quot;yes&quot;,&quot;pause_on_hover&quot;:&quot;yes&quot;,&quot;pause_on_interaction&quot;:&quot;yes&quot;,&quot;autoplay_speed&quot;:5000,&quot;infinite&quot;:&quot;yes&quot;,&quot;speed&quot;:500}\" data-widget_type=\"image-carousel.default\">\n\t\t\t\t<div class=\"elementor-widget-container\">\n\t\t\t\t\t<div class=\"elementor-image-carousel-wrapper swiper\" dir=\"ltr\">\n\t\t\t<div class=\"elementor-image-carousel swiper-wrapper swiper-image-stretch\" aria-live=\"off\">\n\t\t\t\t\t\t\t\t<div class=\"swiper-slide\" role=\"group\" aria-roledescription=\"slide\" aria-label=\"1 de 7\"><figure class=\"swiper-slide-inner\"><img decoding=\"async\" class=\"swiper-slide-image\" src=\"https:\/\/dragonpacific.com.mx\/wp-content\/uploads\/2023\/06\/Aguacate-Mich-Sz1.webp\" alt=\"Aguacate Mich Sz1\" \/><\/figure><\/div><div class=\"swiper-slide\" role=\"group\" aria-roledescription=\"slide\" aria-label=\"2 de 7\"><figure class=\"swiper-slide-inner\"><img decoding=\"async\" class=\"swiper-slide-image\" src=\"https:\/\/dragonpacific.com.mx\/wp-content\/uploads\/2023\/06\/CCPIT-Sergio-Ley.webp\" alt=\"CCPIT Sergio Ley\" \/><\/figure><\/div><div class=\"swiper-slide\" role=\"group\" aria-roledescription=\"slide\" aria-label=\"3 de 7\"><figure class=\"swiper-slide-inner\"><img decoding=\"async\" class=\"swiper-slide-image\" src=\"https:\/\/dragonpacific.com.mx\/wp-content\/uploads\/2023\/06\/cocktail-consulado-1.webp\" alt=\"cocktail consulado (1)\" \/><\/figure><\/div><div class=\"swiper-slide\" role=\"group\" aria-roledescription=\"slide\" aria-label=\"4 de 7\"><figure class=\"swiper-slide-inner\"><img decoding=\"async\" class=\"swiper-slide-image\" src=\"https:\/\/dragonpacific.com.mx\/wp-content\/uploads\/2023\/06\/cocktail-consulado-5.webp\" alt=\"cocktail consulado (5)\" \/><\/figure><\/div><div class=\"swiper-slide\" role=\"group\" aria-roledescription=\"slide\" aria-label=\"5 de 7\"><figure class=\"swiper-slide-inner\"><img decoding=\"async\" class=\"swiper-slide-image\" src=\"https:\/\/dragonpacific.com.mx\/wp-content\/uploads\/2023\/06\/Huawei.webp\" alt=\"Huawei\" \/><\/figure><\/div><div class=\"swiper-slide\" role=\"group\" aria-roledescription=\"slide\" aria-label=\"6 de 7\"><figure class=\"swiper-slide-inner\"><img decoding=\"async\" class=\"swiper-slide-image\" src=\"https:\/\/dragonpacific.com.mx\/wp-content\/uploads\/2023\/06\/Huawei1.webp\" alt=\"Huawei1\" \/><\/figure><\/div><div class=\"swiper-slide\" role=\"group\" aria-roledescription=\"slide\" aria-label=\"7 de 7\"><figure class=\"swiper-slide-inner\"><img decoding=\"async\" class=\"swiper-slide-image\" src=\"https:\/\/dragonpacific.com.mx\/wp-content\/uploads\/2023\/06\/la-foto-1.webp\" alt=\"la foto 1\" \/><\/figure><\/div>\t\t\t<\/div>\n\t\t\t\t\t\t\t\t\t\t\t\t<div class=\"elementor-swiper-button elementor-swiper-button-prev\" role=\"button\" tabindex=\"0\">\n\t\t\t\t\t\t<i aria-hidden=\"true\" class=\"eicon-chevron-left\"><\/i>\t\t\t\t\t<\/div>\n\t\t\t\t\t<div class=\"elementor-swiper-button elementor-swiper-button-next\" role=\"button\" tabindex=\"0\">\n\t\t\t\t\t\t<i aria-hidden=\"true\" class=\"eicon-chevron-right\"><\/i>\t\t\t\t\t<\/div>\n\t\t\t\t\n\t\t\t\t\t\t\t\t\t<\/div>\n\t\t\t\t<\/div>\n\t\t\t\t<\/div>\n\t\t\t\t<\/div>\n\t\t\t\t<\/div>\n\t\t","protected":false},"excerpt":{"rendered":"<p>REPRESENTACI\u00d3N INTEGRAL DPI funge como tu representante o agente de compras en China. Seremos su oficina de Compras en China Mediante una iguala mensual, comision por cada compra o la combinacion de ambas, el cliente puede contar con un agente en China dedicado al 100% a su proyecto, de acuerdo a las necesidades primordiales. La [&hellip;]<\/p>\n","protected":false},"author":1,"featured_media":0,"parent":0,"menu_order":0,"comment_status":"closed","ping_status":"closed","template":"elementor_header_footer","meta":{"footnotes":""},"class_list":["post-758","page","type-page","status-publish","hentry"],"_links":{"self":[{"href":"https:\/\/dragonpacific.com.mx\/es\/wp-json\/wp\/v2\/pages\/758","targetHints":{"allow":["GET"]}}],"collection":[{"href":"https:\/\/dragonpacific.com.mx\/es\/wp-json\/wp\/v2\/pages"}],"about":[{"href":"https:\/\/dragonpacific.com.mx\/es\/wp-json\/wp\/v2\/types\/page"}],"author":[{"embeddable":true,"href":"https:\/\/dragonpacific.com.mx\/es\/wp-json\/wp\/v2\/users\/1"}],"replies":[{"embeddable":true,"href":"https:\/\/dragonpacific.com.mx\/es\/wp-json\/wp\/v2\/comments?post=758"}],"version-history":[{"count":43,"href":"https:\/\/dragonpacific.com.mx\/es\/wp-json\/wp\/v2\/pages\/758\/revisions"}],"predecessor-version":[{"id":1744,"href":"https:\/\/dragonpacific.com.mx\/es\/wp-json\/wp\/v2\/pages\/758\/revisions\/1744"}],"wp:attachment":[{"href":"https:\/\/dragonpacific.com.mx\/es\/wp-json\/wp\/v2\/media?parent=758"}],"curies":[{"name":"wp","href":"https:\/\/api.w.org\/{rel}","templated":true}]}}