{"id":1013,"date":"2023-01-03T17:42:47","date_gmt":"2023-01-03T17:42:47","guid":{"rendered":"https:\/\/dragonpacific.com.mx\/?page_id=1013"},"modified":"2023-09-01T04:32:44","modified_gmt":"2023-09-01T04:32:44","slug":"promocion-de-oferta-exportable","status":"publish","type":"page","link":"https:\/\/dragonpacific.com.mx\/zh\/promocion-de-oferta-exportable\/","title":{"rendered":"Promoci\u00f3n de oferta exportable"},"content":{"rendered":"<div data-elementor-type=\"wp-page\" data-elementor-id=\"1013\" class=\"elementor elementor-1013\" data-elementor-post-type=\"page\">\n\t\t\t\t<div class=\"elementor-element elementor-element-7a62739 e-flex e-con-boxed e-con e-parent\" data-id=\"7a62739\" data-element_type=\"container\" data-settings=\"{&quot;background_background&quot;:&quot;classic&quot;}\">\n\t\t\t\t\t<div class=\"e-con-inner\">\n\t\t\t\t<div class=\"elementor-element elementor-element-743da38 elementor-invisible elementor-widget elementor-widget-heading\" data-id=\"743da38\" data-element_type=\"widget\" data-settings=\"{&quot;_animation&quot;:&quot;slideInUp&quot;,&quot;motion_fx_motion_fx_scrolling&quot;:&quot;yes&quot;,&quot;motion_fx_translateY_effect&quot;:&quot;yes&quot;,&quot;motion_fx_translateY_direction&quot;:&quot;negative&quot;,&quot;motion_fx_translateY_speed&quot;:{&quot;unit&quot;:&quot;px&quot;,&quot;size&quot;:1.8000000000000000444089209850062616169452667236328125,&quot;sizes&quot;:[]},&quot;motion_fx_translateY_affectedRange&quot;:{&quot;unit&quot;:&quot;%&quot;,&quot;size&quot;:&quot;&quot;,&quot;sizes&quot;:{&quot;start&quot;:0,&quot;end&quot;:100}},&quot;motion_fx_devices&quot;:[&quot;desktop&quot;,&quot;laptop&quot;,&quot;tablet&quot;,&quot;mobile&quot;]}\" data-widget_type=\"heading.default\">\n\t\t\t\t<div class=\"elementor-widget-container\">\n\t\t\t<h1 class=\"elementor-heading-title elementor-size-default translation-block\">\u63a8\u5e7f \u53ca\u7ecf\u7eaa\u4e1a\u52a1<\/h1>\t\t<\/div>\n\t\t\t\t<\/div>\n\t\t\t\t\t<\/div>\n\t\t\t\t<\/div>\n\t\t<div class=\"elementor-element elementor-element-32e78ff e-flex e-con-boxed e-con e-parent\" data-id=\"32e78ff\" data-element_type=\"container\" data-settings=\"{&quot;background_background&quot;:&quot;gradient&quot;}\" data-no-translation=\"\">\n\t\t\t\t\t<div class=\"e-con-inner\">\n\t\t<div class=\"elementor-element elementor-element-e72fdf9 e-con-full e-flex e-con e-parent\" data-id=\"e72fdf9\" data-element_type=\"container\">\n\t\t<div class=\"elementor-element elementor-element-b169f99 e-con-full e-flex e-con e-parent\" data-id=\"b169f99\" data-element_type=\"container\">\n\t\t\t\t<div class=\"elementor-element elementor-element-a0c3ac7 elementor-widget elementor-widget-heading\" data-id=\"a0c3ac7\" data-element_type=\"widget\" data-widget_type=\"heading.default\">\n\t\t\t\t<div class=\"elementor-widget-container\">\n\t\t\t<h1 class=\"elementor-heading-title elementor-size-default\">\u60a8\u662f\u5e0c\u671b\u8fdb\u5165\u4e2d\u56fd\u5e02\u573a\u7684\u51fa\u53e3\u5546\u5417\uff1f<\/h1>\t\t<\/div>\n\t\t\t\t<\/div>\n\t\t\t\t<\/div>\n\t\t<div class=\"elementor-element elementor-element-aab1c7b e-con-full e-flex e-con e-parent\" data-id=\"aab1c7b\" data-element_type=\"container\">\n\t\t<div class=\"elementor-element elementor-element-02b4f7b e-flex e-con-boxed e-con e-parent\" data-id=\"02b4f7b\" data-element_type=\"container\">\n\t\t\t\t\t<div class=\"e-con-inner\">\n\t\t\t\t<div class=\"elementor-element elementor-element-7d1b99c elementor-widget elementor-widget-text-editor\" data-id=\"7d1b99c\" data-element_type=\"widget\" data-widget_type=\"text-editor.default\">\n\t\t\t\t<div class=\"elementor-widget-container\">\n\t\t\t\t\t\t\t<p><strong>DPI\u5145\u5f53 <u>\u7ecf\u7eaa\u4eba<\/u> \u6216 <u>\u4ea4\u6613\u8005<\/u>\u3002\u6211\u4eec\u5c06 \u00a0\u63a8\u5e7f\u3001\u5206\u9500\u548c\/\u6216\u4ea4\u6613\u60a8\u7684\u4ea7\u54c1\u548c \u5546\u54c1\u3002 <\/strong><br \/><strong>\u6211\u4eec\u62e5\u6709\u4eba\u8109\u7f51\u7edc\uff0c\u53ef\u4ee5\u5e2e\u52a9\u6211\u4eec\u4e3a\u60a8\u63a5\u89e6\u6f5c\u5728\u4e70\u5bb6\u3002<\/strong><\/p><p><strong>DPI\u5c06\u4f5c\u4e3a\u60a8\u5728\u4e2d\u56fd\u7684\u5b98\u65b9\u63a8\u5e7f\u4eba\/\u7ecf\u7eaa\u4eba\uff1a<\/strong><\/p><ul><li><strong>\u63a5\u89e6\u6f5c\u5728\u5ba2\u6237<\/strong><\/li><li><strong>\u53c2\u52a0\u793e\u4ea4\u6d3b\u52a8\uff0c \u535a\u89c8\u4f1a \u6216\u4ea4\u6613\u4f1a<\/strong><\/li><li><strong>\u53d1\u9001\u5ba3\u4f20\u6750\u6599\u6216 \u6837\u54c1\u3002<\/strong><\/li><li><strong>\u5e2e\u52a9\u60a8\u5b66\u4e60\u548c\u4e86\u89e3\u4e2d\u56fd\u5e02\u573a\u3002<\/strong><\/li><li><strong>\u5e2e\u52a9\u60a8\u9009\u62e9\u6700\u4f73\u7684\u5206\u9500\u6e20\u9053<\/strong><\/li><li><strong>\u751f\u6210\u5e02\u573a\u5206\u6790<\/strong><\/li><\/ul><p><strong>\u6839\u636e\u5ba2\u6237\u7684\u9700\u6c42\uff0c\u6211\u4eec\u5c06\u63d0\u4f9b\u5305\u62ec\u4ee5\u4e0b\u90e8\u5206\u6216\u5168\u90e8\u5185\u5bb9\u7684\u5957\u9910\uff1a\u5e02\u573a\u5206\u6790\uff0c\u8fdb\u51fa\u53e3\u9650\u5236\uff0c\u4fc3\u9500\uff0c\u7ffb\u8bd1\u7b49\u3002<\/strong><\/p>\t\t\t\t\t\t<\/div>\n\t\t\t\t<\/div>\n\t\t\t\t\t<\/div>\n\t\t\t\t<\/div>\n\t\t\t\t<\/div>\n\t\t<div class=\"elementor-element elementor-element-0aa9274 e-con-full e-flex e-con e-parent\" data-id=\"0aa9274\" data-element_type=\"container\">\n\t\t<div class=\"elementor-element elementor-element-55121ab e-flex e-con-boxed e-con e-parent\" data-id=\"55121ab\" data-element_type=\"container\">\n\t\t\t\t\t<div class=\"e-con-inner\">\n\t\t\t\t<div class=\"elementor-element elementor-element-ec31fa7 elementor-widget elementor-widget-image\" data-id=\"ec31fa7\" data-element_type=\"widget\" data-settings=\"{&quot;motion_fx_motion_fx_scrolling&quot;:&quot;yes&quot;,&quot;motion_fx_translateY_effect&quot;:&quot;yes&quot;,&quot;motion_fx_translateY_speed&quot;:{&quot;unit&quot;:&quot;px&quot;,&quot;size&quot;:1.5,&quot;sizes&quot;:[]},&quot;motion_fx_translateY_affectedRange&quot;:{&quot;unit&quot;:&quot;%&quot;,&quot;size&quot;:&quot;&quot;,&quot;sizes&quot;:{&quot;start&quot;:0,&quot;end&quot;:100}},&quot;motion_fx_devices&quot;:[&quot;desktop&quot;,&quot;laptop&quot;,&quot;tablet&quot;,&quot;mobile&quot;]}\" data-widget_type=\"image.default\">\n\t\t\t\t<div class=\"elementor-widget-container\">\n\t\t\t\t\t\t\t\t\t\t\t\t\t<img fetchpriority=\"high\" decoding=\"async\" width=\"800\" height=\"244\" src=\"https:\/\/dragonpacific.com.mx\/wp-content\/uploads\/2023\/01\/Recurso1.svg\" class=\"attachment-large size-large wp-image-1017\" alt=\"\" \/>\t\t\t\t\t\t\t\t\t\t\t\t\t<\/div>\n\t\t\t\t<\/div>\n\t\t\t\t<div class=\"elementor-element elementor-element-35e7374 elementor-widget elementor-widget-image\" data-id=\"35e7374\" data-element_type=\"widget\" data-settings=\"{&quot;motion_fx_motion_fx_scrolling&quot;:&quot;yes&quot;,&quot;motion_fx_translateY_effect&quot;:&quot;yes&quot;,&quot;motion_fx_translateY_speed&quot;:{&quot;unit&quot;:&quot;px&quot;,&quot;size&quot;:2,&quot;sizes&quot;:[]},&quot;motion_fx_translateY_affectedRange&quot;:{&quot;unit&quot;:&quot;%&quot;,&quot;size&quot;:&quot;&quot;,&quot;sizes&quot;:{&quot;start&quot;:0,&quot;end&quot;:100}},&quot;motion_fx_devices&quot;:[&quot;desktop&quot;,&quot;laptop&quot;,&quot;tablet&quot;,&quot;mobile&quot;]}\" data-widget_type=\"image.default\">\n\t\t\t\t<div class=\"elementor-widget-container\">\n\t\t\t\t\t\t\t\t\t\t\t\t\t<img decoding=\"async\" width=\"800\" height=\"491\" src=\"https:\/\/dragonpacific.com.mx\/wp-content\/uploads\/2023\/01\/Reda.svg\" class=\"attachment-large size-large wp-image-1016\" alt=\"\" \/>\t\t\t\t\t\t\t\t\t\t\t\t\t<\/div>\n\t\t\t\t<\/div>\n\t\t\t\t\t<\/div>\n\t\t\t\t<\/div>\n\t\t\t\t<\/div>\n\t\t\t\t<\/div>\n\t\t\t\t\t<\/div>\n\t\t\t\t<\/div>\n\t\t<div class=\"elementor-element elementor-element-4e5954e e-con-full e-flex e-con e-parent\" data-id=\"4e5954e\" data-element_type=\"container\">\n\t\t\t\t<div class=\"elementor-element elementor-element-ab52562 elementor-arrows-position-inside elementor-widget elementor-widget-image-carousel\" data-id=\"ab52562\" data-element_type=\"widget\" data-settings=\"{&quot;slides_to_show&quot;:&quot;5&quot;,&quot;navigation&quot;:&quot;arrows&quot;,&quot;autoplay&quot;:&quot;yes&quot;,&quot;pause_on_hover&quot;:&quot;yes&quot;,&quot;pause_on_interaction&quot;:&quot;yes&quot;,&quot;autoplay_speed&quot;:5000,&quot;infinite&quot;:&quot;yes&quot;,&quot;speed&quot;:500}\" data-widget_type=\"image-carousel.default\">\n\t\t\t\t<div class=\"elementor-widget-container\">\n\t\t\t\t\t<div class=\"elementor-image-carousel-wrapper swiper\" dir=\"ltr\">\n\t\t\t<div class=\"elementor-image-carousel swiper-wrapper swiper-image-stretch\" aria-live=\"off\">\n\t\t\t\t\t\t\t\t<div class=\"swiper-slide\" role=\"group\" aria-roledescription=\"slide\" aria-label=\"1 \/ 7\"><figure class=\"swiper-slide-inner\"><img decoding=\"async\" class=\"swiper-slide-image\" src=\"https:\/\/dragonpacific.com.mx\/wp-content\/uploads\/2023\/06\/Foodex-2008-Aguacate.jpg\" alt=\"Foodex 2008 Aguacate\" \/><\/figure><\/div><div class=\"swiper-slide\" role=\"group\" aria-roledescription=\"slide\" aria-label=\"2 \/ 7\"><figure class=\"swiper-slide-inner\"><img decoding=\"async\" class=\"swiper-slide-image\" src=\"https:\/\/dragonpacific.com.mx\/wp-content\/uploads\/2023\/06\/Aguacate-en-Japon-FOODEX.jpg\" alt=\"Aguacate en Japon FOODEX\" \/><\/figure><\/div><div class=\"swiper-slide\" role=\"group\" aria-roledescription=\"slide\" aria-label=\"3 \/ 7\"><figure class=\"swiper-slide-inner\"><img decoding=\"async\" class=\"swiper-slide-image\" src=\"https:\/\/dragonpacific.com.mx\/wp-content\/uploads\/2023\/06\/Aguacate-Mich-Sz-1024x690.jpeg\" alt=\"Aguacate Mich Sz\" \/><\/figure><\/div><div class=\"swiper-slide\" role=\"group\" aria-roledescription=\"slide\" aria-label=\"4 \/ 7\"><figure class=\"swiper-slide-inner\"><img decoding=\"async\" class=\"swiper-slide-image\" src=\"https:\/\/dragonpacific.com.mx\/wp-content\/uploads\/2023\/06\/Aguacate-Mich-Sz2-1024x724.jpeg\" alt=\"Aguacate Mich Sz2\" \/><\/figure><\/div><div class=\"swiper-slide\" role=\"group\" aria-roledescription=\"slide\" aria-label=\"5 \/ 7\"><figure class=\"swiper-slide-inner\"><img decoding=\"async\" class=\"swiper-slide-image\" src=\"https:\/\/dragonpacific.com.mx\/wp-content\/uploads\/2023\/06\/la-foto-4.jpg\" alt=\"la foto 4\" \/><\/figure><\/div><div class=\"swiper-slide\" role=\"group\" aria-roledescription=\"slide\" aria-label=\"6 \/ 7\"><figure class=\"swiper-slide-inner\"><img decoding=\"async\" class=\"swiper-slide-image\" src=\"https:\/\/dragonpacific.com.mx\/wp-content\/uploads\/2023\/06\/la-foto-5.jpg\" alt=\"la foto 5\" \/><\/figure><\/div><div class=\"swiper-slide\" role=\"group\" aria-roledescription=\"slide\" aria-label=\"7 \/ 7\"><figure class=\"swiper-slide-inner\"><img decoding=\"async\" class=\"swiper-slide-image\" src=\"https:\/\/dragonpacific.com.mx\/wp-content\/uploads\/2023\/06\/San-Agustin-a-5.jpg\" alt=\"San Agustin a (5)\" \/><\/figure><\/div>\t\t\t<\/div>\n\t\t\t\t\t\t\t\t\t\t\t\t<div class=\"elementor-swiper-button elementor-swiper-button-prev\" role=\"button\" tabindex=\"0\">\n\t\t\t\t\t\t<i aria-hidden=\"true\" class=\"eicon-chevron-left\"><\/i>\t\t\t\t\t<\/div>\n\t\t\t\t\t<div class=\"elementor-swiper-button elementor-swiper-button-next\" role=\"button\" tabindex=\"0\">\n\t\t\t\t\t\t<i aria-hidden=\"true\" class=\"eicon-chevron-right\"><\/i>\t\t\t\t\t<\/div>\n\t\t\t\t\n\t\t\t\t\t\t\t\t\t<\/div>\n\t\t\t\t<\/div>\n\t\t\t\t<\/div>\n\t\t\t\t<\/div>\n\t\t\t\t<\/div>","protected":false},"excerpt":{"rendered":"<p>Promoci\u00f3n de Oferta Exportable DPI funge como su promotor oficial en China Contactando clientes potenciales en China Enviando material publicitario Dando seguimiento a clientes Participaci\u00f3n en eventos de promoci\u00f3n (ferias, expos, etc.) Y m\u00e1s Tambi\u00e9n te apoyamos en la prospecci\u00f3n de mercados para complementar tu investigaci\u00f3n de mercados mediante un reporte con: Estad\u00edsticas comerciales Informaci\u00f3n [&hellip;]<\/p>","protected":false},"author":1,"featured_media":0,"parent":0,"menu_order":0,"comment_status":"closed","ping_status":"closed","template":"elementor_header_footer","meta":{"footnotes":""},"class_list":["post-1013","page","type-page","status-publish","hentry"],"_links":{"self":[{"href":"https:\/\/dragonpacific.com.mx\/zh\/wp-json\/wp\/v2\/pages\/1013","targetHints":{"allow":["GET"]}}],"collection":[{"href":"https:\/\/dragonpacific.com.mx\/zh\/wp-json\/wp\/v2\/pages"}],"about":[{"href":"https:\/\/dragonpacific.com.mx\/zh\/wp-json\/wp\/v2\/types\/page"}],"author":[{"embeddable":true,"href":"https:\/\/dragonpacific.com.mx\/zh\/wp-json\/wp\/v2\/users\/1"}],"replies":[{"embeddable":true,"href":"https:\/\/dragonpacific.com.mx\/zh\/wp-json\/wp\/v2\/comments?post=1013"}],"version-history":[{"count":37,"href":"https:\/\/dragonpacific.com.mx\/zh\/wp-json\/wp\/v2\/pages\/1013\/revisions"}],"predecessor-version":[{"id":1880,"href":"https:\/\/dragonpacific.com.mx\/zh\/wp-json\/wp\/v2\/pages\/1013\/revisions\/1880"}],"wp:attachment":[{"href":"https:\/\/dragonpacific.com.mx\/zh\/wp-json\/wp\/v2\/media?parent=1013"}],"curies":[{"name":"wp","href":"https:\/\/api.w.org\/{rel}","templated":true}]}}