{"id":742,"date":"2022-12-15T04:43:25","date_gmt":"2022-12-15T04:43:25","guid":{"rendered":"https:\/\/dragonpacific.com.mx\/?page_id=742"},"modified":"2023-06-24T00:25:35","modified_gmt":"2023-06-24T00:25:35","slug":"comercializadora","status":"publish","type":"page","link":"https:\/\/dragonpacific.com.mx\/zh\/comercializadora\/","title":{"rendered":"Comercializadora"},"content":{"rendered":"<div data-elementor-type=\"wp-page\" data-elementor-id=\"742\" class=\"elementor elementor-742\" data-elementor-post-type=\"page\">\n\t\t\t\t<div class=\"elementor-element elementor-element-2aef8e3 e-flex e-con-boxed e-con e-parent\" data-id=\"2aef8e3\" data-element_type=\"container\" data-settings=\"{&quot;background_background&quot;:&quot;classic&quot;}\">\n\t\t\t\t\t<div class=\"e-con-inner\">\n\t\t\t\t<div class=\"elementor-element elementor-element-da5a9f5 elementor-invisible elementor-widget elementor-widget-heading\" data-id=\"da5a9f5\" data-element_type=\"widget\" data-settings=\"{&quot;_animation&quot;:&quot;slideInUp&quot;,&quot;motion_fx_motion_fx_scrolling&quot;:&quot;yes&quot;,&quot;motion_fx_translateY_effect&quot;:&quot;yes&quot;,&quot;motion_fx_translateY_direction&quot;:&quot;negative&quot;,&quot;motion_fx_translateY_speed&quot;:{&quot;unit&quot;:&quot;px&quot;,&quot;size&quot;:1.8000000000000000444089209850062616169452667236328125,&quot;sizes&quot;:[]},&quot;motion_fx_translateY_affectedRange&quot;:{&quot;unit&quot;:&quot;%&quot;,&quot;size&quot;:&quot;&quot;,&quot;sizes&quot;:{&quot;start&quot;:0,&quot;end&quot;:100}},&quot;motion_fx_devices&quot;:[&quot;desktop&quot;,&quot;laptop&quot;,&quot;tablet&quot;,&quot;mobile&quot;]}\" data-widget_type=\"heading.default\">\n\t\t\t\t<div class=\"elementor-widget-container\">\n\t\t\t<h2 class=\"elementor-heading-title elementor-size-default\">\u54a8\u8be2\u548c\u8d38\u6613<\/h2>\t\t<\/div>\n\t\t\t\t<\/div>\n\t\t\t\t\t<\/div>\n\t\t\t\t<\/div>\n\t\t<div class=\"elementor-element elementor-element-5abecdc e-flex e-con-boxed e-con e-parent\" data-id=\"5abecdc\" data-element_type=\"container\" data-settings=\"{&quot;background_background&quot;:&quot;gradient&quot;}\" data-no-translation=\"\">\n\t\t\t\t\t<div class=\"e-con-inner\">\n\t\t<div class=\"elementor-element elementor-element-82d158e e-con-full e-flex e-con e-parent\" data-id=\"82d158e\" data-element_type=\"container\">\n\t\t<div class=\"elementor-element elementor-element-4297092 e-con-full e-flex e-con e-parent\" data-id=\"4297092\" data-element_type=\"container\">\n\t\t\t\t<div class=\"elementor-element elementor-element-64aae11 elementor-widget elementor-widget-text-editor\" data-id=\"64aae11\" data-element_type=\"widget\" data-widget_type=\"text-editor.default\">\n\t\t\t\t<div class=\"elementor-widget-container\">\n\t\t\t\t\t\t\t<p>\u5982\u679c\u60a8\u60f3\u4ece\u56fd\u5916 \u8d2d\u4e70\u4efb\u4f55\u4ea7\u54c1\uff0c\u5219\u9700\u8981\u6b63\u5f0f\u7684\u8fdb\u53e3\u6d41\u7a0b\u624d\u80fd\u5408\u6cd5\u5730\u5c06\u5176\u5e26\u5165\u58a8\u897f\u54e5\u3002<\/p><p>DPI\u4e0e\u4e13\u4e1a\u503c\u5f97\u4fe1\u8d56\u7684\u8d27\u8fd0\u4ee3\u7406\uff0c\u8239\u516c\u53f8\u548c\u62a5\u5173\u4ee3\u7406\u7ed3\u76df\uff0c\u6211\u4eec\u53ef\u4ee5\u8d1f\u8d23\u8c08\u5224\uff0c\u786e\u8ba4\u8ba2\u5355\uff0c\u534f\u8c03\u4ed8\u6b3e\uff0c\u8d2d\u4e70\u4ea7\u54c1\uff0c\u5b89\u6392\u8ba2\u8231\u548c\u8fd0\u8f93\uff0c\u5904\u7406\u6e05\u5173\u6d41\u7a0b\u7684\u6574\u4e2a\u8fc7\u7a0b\uff0c\u5e76\u4ea4\u4ed8\u5230\u5ba2\u6237\u7684\u4ed3\u5e93\u3002<\/p>\t\t\t\t\t\t<\/div>\n\t\t\t\t<\/div>\n\t\t<div class=\"elementor-element elementor-element-84fe047 e-flex e-con-boxed e-con e-parent\" data-id=\"84fe047\" data-element_type=\"container\">\n\t\t\t\t\t<div class=\"e-con-inner\">\n\t\t\t\t<div class=\"elementor-element elementor-element-f88ef5d elementor-widget elementor-widget-image\" data-id=\"f88ef5d\" data-element_type=\"widget\" data-settings=\"{&quot;motion_fx_motion_fx_scrolling&quot;:&quot;yes&quot;,&quot;motion_fx_translateY_effect&quot;:&quot;yes&quot;,&quot;motion_fx_translateY_speed&quot;:{&quot;unit&quot;:&quot;px&quot;,&quot;size&quot;:1.5,&quot;sizes&quot;:[]},&quot;motion_fx_translateY_affectedRange&quot;:{&quot;unit&quot;:&quot;%&quot;,&quot;size&quot;:&quot;&quot;,&quot;sizes&quot;:{&quot;start&quot;:0,&quot;end&quot;:100}},&quot;motion_fx_devices&quot;:[&quot;desktop&quot;,&quot;laptop&quot;,&quot;tablet&quot;,&quot;mobile&quot;]}\" data-widget_type=\"image.default\">\n\t\t\t\t<div class=\"elementor-widget-container\">\n\t\t\t\t\t\t\t\t\t\t\t\t\t<img fetchpriority=\"high\" decoding=\"async\" width=\"800\" height=\"355\" src=\"https:\/\/dragonpacific.com.mx\/wp-content\/uploads\/2023\/01\/Comer.svg\" class=\"attachment-large size-large wp-image-892\" alt=\"\" \/>\t\t\t\t\t\t\t\t\t\t\t\t\t<\/div>\n\t\t\t\t<\/div>\n\t\t\t\t<div class=\"elementor-element elementor-element-4a8d3e9 elementor-widget elementor-widget-image\" data-id=\"4a8d3e9\" data-element_type=\"widget\" data-settings=\"{&quot;motion_fx_motion_fx_scrolling&quot;:&quot;yes&quot;,&quot;motion_fx_translateY_effect&quot;:&quot;yes&quot;,&quot;motion_fx_translateY_speed&quot;:{&quot;unit&quot;:&quot;px&quot;,&quot;size&quot;:2,&quot;sizes&quot;:[]},&quot;motion_fx_translateY_affectedRange&quot;:{&quot;unit&quot;:&quot;%&quot;,&quot;size&quot;:&quot;&quot;,&quot;sizes&quot;:{&quot;start&quot;:0,&quot;end&quot;:100}},&quot;motion_fx_devices&quot;:[&quot;desktop&quot;,&quot;laptop&quot;,&quot;tablet&quot;,&quot;mobile&quot;]}\" data-widget_type=\"image.default\">\n\t\t\t\t<div class=\"elementor-widget-container\">\n\t\t\t\t\t\t\t\t\t\t\t\t\t<img decoding=\"async\" width=\"800\" height=\"432\" src=\"https:\/\/dragonpacific.com.mx\/wp-content\/uploads\/2023\/01\/Comer2.svg\" class=\"attachment-large size-large wp-image-893\" alt=\"\" \/>\t\t\t\t\t\t\t\t\t\t\t\t\t<\/div>\n\t\t\t\t<\/div>\n\t\t\t\t\t<\/div>\n\t\t\t\t<\/div>\n\t\t\t\t<\/div>\n\t\t\t\t<\/div>\n\t\t\t\t\t<\/div>\n\t\t\t\t<\/div>\n\t\t<div class=\"elementor-element elementor-element-e19f384 e-con-full e-flex e-con e-parent\" data-id=\"e19f384\" data-element_type=\"container\">\n\t\t\t\t<div class=\"elementor-element elementor-element-a7cf005 elementor-arrows-position-inside elementor-widget elementor-widget-image-carousel\" data-id=\"a7cf005\" data-element_type=\"widget\" data-settings=\"{&quot;slides_to_show&quot;:&quot;5&quot;,&quot;navigation&quot;:&quot;arrows&quot;,&quot;autoplay&quot;:&quot;yes&quot;,&quot;pause_on_hover&quot;:&quot;yes&quot;,&quot;pause_on_interaction&quot;:&quot;yes&quot;,&quot;autoplay_speed&quot;:5000,&quot;infinite&quot;:&quot;yes&quot;,&quot;speed&quot;:500}\" data-widget_type=\"image-carousel.default\">\n\t\t\t\t<div class=\"elementor-widget-container\">\n\t\t\t\t\t<div class=\"elementor-image-carousel-wrapper swiper\" dir=\"ltr\">\n\t\t\t<div class=\"elementor-image-carousel swiper-wrapper swiper-image-stretch\" aria-live=\"off\">\n\t\t\t\t\t\t\t\t<div class=\"swiper-slide\" role=\"group\" aria-roledescription=\"slide\" aria-label=\"1 \/ 8\"><figure class=\"swiper-slide-inner\"><img decoding=\"async\" class=\"swiper-slide-image\" src=\"https:\/\/dragonpacific.com.mx\/wp-content\/uploads\/2023\/01\/DPI20.webp\" alt=\"DPI20\" \/><\/figure><\/div><div class=\"swiper-slide\" role=\"group\" aria-roledescription=\"slide\" aria-label=\"2 \/ 8\"><figure class=\"swiper-slide-inner\"><img decoding=\"async\" class=\"swiper-slide-image\" src=\"https:\/\/dragonpacific.com.mx\/wp-content\/uploads\/2023\/01\/DPI18.webp\" alt=\"DPI18\" \/><\/figure><\/div><div class=\"swiper-slide\" role=\"group\" aria-roledescription=\"slide\" aria-label=\"3 \/ 8\"><figure class=\"swiper-slide-inner\"><img decoding=\"async\" class=\"swiper-slide-image\" src=\"https:\/\/dragonpacific.com.mx\/wp-content\/uploads\/2023\/01\/DPI16.webp\" alt=\"DPI16\" \/><\/figure><\/div><div class=\"swiper-slide\" role=\"group\" aria-roledescription=\"slide\" aria-label=\"4 \/ 8\"><figure class=\"swiper-slide-inner\"><img decoding=\"async\" class=\"swiper-slide-image\" src=\"https:\/\/dragonpacific.com.mx\/wp-content\/uploads\/2023\/06\/a00536c2-631a-4f25-9f76-79f07f7909f3-compressed.webp\" alt=\"a00536c2-631a-4f25-9f76-79f07f7909f3-compressed\" \/><\/figure><\/div><div class=\"swiper-slide\" role=\"group\" aria-roledescription=\"slide\" aria-label=\"5 \/ 8\"><figure class=\"swiper-slide-inner\"><img decoding=\"async\" class=\"swiper-slide-image\" src=\"https:\/\/dragonpacific.com.mx\/wp-content\/uploads\/2023\/06\/IMG_20150530_094332.webp\" alt=\"IMG_20150530_094332\" \/><\/figure><\/div><div class=\"swiper-slide\" role=\"group\" aria-roledescription=\"slide\" aria-label=\"6 \/ 8\"><figure class=\"swiper-slide-inner\"><img decoding=\"async\" class=\"swiper-slide-image\" src=\"https:\/\/dragonpacific.com.mx\/wp-content\/uploads\/2023\/06\/WeChat-Image_20191119133523.webp\" alt=\"WeChat Image_20191119133523\" \/><\/figure><\/div><div class=\"swiper-slide\" role=\"group\" aria-roledescription=\"slide\" aria-label=\"7 \/ 8\"><figure class=\"swiper-slide-inner\"><img decoding=\"async\" class=\"swiper-slide-image\" src=\"https:\/\/dragonpacific.com.mx\/wp-content\/uploads\/2023\/06\/WhatsApp-Image-2019-08-22-at-11_01_52.webp\" alt=\"WhatsApp Image 2019-08-22 at 11_01_52\" \/><\/figure><\/div><div class=\"swiper-slide\" role=\"group\" aria-roledescription=\"slide\" aria-label=\"8 \/ 8\"><figure class=\"swiper-slide-inner\"><img decoding=\"async\" class=\"swiper-slide-image\" src=\"https:\/\/dragonpacific.com.mx\/wp-content\/uploads\/2023\/06\/WhatsApp-Image-2022-01-11-at-7_07_46-PM.webp\" alt=\"WhatsApp Image 2022-01-11 at 7_07_46 PM\" \/><\/figure><\/div>\t\t\t<\/div>\n\t\t\t\t\t\t\t\t\t\t\t\t<div class=\"elementor-swiper-button elementor-swiper-button-prev\" role=\"button\" tabindex=\"0\">\n\t\t\t\t\t\t<i aria-hidden=\"true\" class=\"eicon-chevron-left\"><\/i>\t\t\t\t\t<\/div>\n\t\t\t\t\t<div class=\"elementor-swiper-button elementor-swiper-button-next\" role=\"button\" tabindex=\"0\">\n\t\t\t\t\t\t<i aria-hidden=\"true\" class=\"eicon-chevron-right\"><\/i>\t\t\t\t\t<\/div>\n\t\t\t\t\n\t\t\t\t\t\t\t\t\t<\/div>\n\t\t\t\t<\/div>\n\t\t\t\t<\/div>\n\t\t\t\t<\/div>\n\t\t\t\t<\/div>","protected":false},"excerpt":{"rendered":"<p>COMERCIALIZADORA \u5982\u679c\u60a8\u60f3\u4ece\u56fd\u5916 \u8d2d\u4e70\u4efb\u4f55\u4ea7\u54c1\uff0c\u5219\u9700\u8981\u6b63\u5f0f\u7684\u8fdb\u53e3\u6d41\u7a0b\u624d\u80fd\u5408\u6cd5\u5730\u5c06\u5176\u5e26\u5165\u58a8\u897f\u54e5\u3002 DPI\u4e0e\u4e13\u4e1a\u503c\u5f97\u4fe1\u8d56\u7684\u8d27\u8fd0\u4ee3\u7406\uff0c\u8239\u516c\u53f8\u548c\u62a5\u5173\u4ee3\u7406\u7ed3\u76df\uff0c\u6211\u4eec\u53ef\u4ee5\u8d1f\u8d23\u8c08\u5224\uff0c\u786e\u8ba4\u8ba2\u5355\uff0c\u534f\u8c03\u4ed8\u6b3e\uff0c\u8d2d\u4e70\u4ea7\u54c1\uff0c\u5b89\u6392\u8ba2\u8231\u548c\u8fd0\u8f93\uff0c\u5904\u7406\u6e05\u5173\u6d41\u7a0b\u7684\u6574\u4e2a\u8fc7\u7a0b\uff0c\u5e76\u4ea4\u4ed8\u5230\u5ba2\u6237\u7684\u4ed3\u5e93\u3002 Si quieres comprar alg\u00fan producto del extranjero, se requerir\u00e1 llevar a cabo un proceso formal de importaci\u00f3n para introducirlos legalmente a M\u00e9xico. En DPI contamos con alianzas con aseguradoras, transportistas (terrestre, a\u00e9reo y mar\u00edtimo), paqueter\u00edas y agencias aduanales; as\u00ed que podemos hacernos cargo de todo el proceso de compra e importaci\u00f3n [&hellip;]<\/p>","protected":false},"author":1,"featured_media":0,"parent":0,"menu_order":0,"comment_status":"closed","ping_status":"closed","template":"elementor_header_footer","meta":{"footnotes":""},"class_list":["post-742","page","type-page","status-publish","hentry"],"_links":{"self":[{"href":"https:\/\/dragonpacific.com.mx\/zh\/wp-json\/wp\/v2\/pages\/742","targetHints":{"allow":["GET"]}}],"collection":[{"href":"https:\/\/dragonpacific.com.mx\/zh\/wp-json\/wp\/v2\/pages"}],"about":[{"href":"https:\/\/dragonpacific.com.mx\/zh\/wp-json\/wp\/v2\/types\/page"}],"author":[{"embeddable":true,"href":"https:\/\/dragonpacific.com.mx\/zh\/wp-json\/wp\/v2\/users\/1"}],"replies":[{"embeddable":true,"href":"https:\/\/dragonpacific.com.mx\/zh\/wp-json\/wp\/v2\/comments?post=742"}],"version-history":[{"count":82,"href":"https:\/\/dragonpacific.com.mx\/zh\/wp-json\/wp\/v2\/pages\/742\/revisions"}],"predecessor-version":[{"id":1755,"href":"https:\/\/dragonpacific.com.mx\/zh\/wp-json\/wp\/v2\/pages\/742\/revisions\/1755"}],"wp:attachment":[{"href":"https:\/\/dragonpacific.com.mx\/zh\/wp-json\/wp\/v2\/media?parent=742"}],"curies":[{"name":"wp","href":"https:\/\/api.w.org\/{rel}","templated":true}]}}